{"id":1015,"date":"2025-08-22T08:38:04","date_gmt":"2025-08-22T06:38:04","guid":{"rendered":"https:\/\/ricoroso.com\/?page_id=1015"},"modified":"2026-03-19T14:48:33","modified_gmt":"2026-03-19T13:48:33","slug":"empresa","status":"publish","type":"page","link":"https:\/\/ricoroso.com\/fr\/empresa\/","title":{"rendered":"Entreprise"},"content":{"rendered":"<div data-elementor-type=\"wp-page\" data-elementor-id=\"1015\" class=\"elementor elementor-1015\" data-elementor-post-type=\"page\">\n\t\t\t\t\t\t<section class=\"elementor-section elementor-top-section elementor-element elementor-element-fe99f3c elementor-section-height-min-height elementor-section-boxed elementor-section-height-default elementor-section-items-middle\" data-id=\"fe99f3c\" data-element_type=\"section\" data-settings=\"{&quot;background_background&quot;:&quot;classic&quot;}\">\n\t\t\t\t\t\t\t<div class=\"elementor-background-overlay\"><\/div>\n\t\t\t\t\t\t\t<div class=\"elementor-container elementor-column-gap-default\">\n\t\t\t\t\t<div class=\"elementor-column elementor-col-100 elementor-top-column elementor-element elementor-element-526467cd\" data-id=\"526467cd\" data-element_type=\"column\">\n\t\t\t<div class=\"elementor-widget-wrap elementor-element-populated\">\n\t\t\t\t\t\t<div class=\"elementor-element elementor-element-62829449 elementor-widget elementor-widget-heading\" data-id=\"62829449\" data-element_type=\"widget\" data-widget_type=\"heading.default\">\n\t\t\t\t<div class=\"elementor-widget-container\">\n\t\t\t\t\t<p class=\"elementor-heading-title elementor-size-default\">Ricoroso<\/p>\t\t\t\t<\/div>\n\t\t\t\t<\/div>\n\t\t\t\t<div class=\"elementor-element elementor-element-49264275 elementor-invisible elementor-widget elementor-widget-heading\" data-id=\"49264275\" data-element_type=\"widget\" data-settings=\"{&quot;_animation&quot;:&quot;fadeIn&quot;}\" data-widget_type=\"heading.default\">\n\t\t\t\t<div class=\"elementor-widget-container\">\n\t\t\t\t\t<p class=\"elementor-heading-title elementor-size-default\">M\u00e1s rico, m\u00e1s sabroso<\/p>\t\t\t\t<\/div>\n\t\t\t\t<\/div>\n\t\t\t\t\t<\/div>\n\t\t<\/div>\n\t\t\t\t\t<\/div>\n\t\t<\/section>\n\t\t\t\t<section class=\"elementor-section elementor-top-section elementor-element elementor-element-2182a625 elementor-section-boxed elementor-section-height-default elementor-section-height-default\" data-id=\"2182a625\" data-element_type=\"section\">\n\t\t\t\t\t\t<div class=\"elementor-container elementor-column-gap-default\">\n\t\t\t\t\t<div class=\"elementor-column elementor-col-100 elementor-top-column elementor-element elementor-element-1ea5805e\" data-id=\"1ea5805e\" data-element_type=\"column\">\n\t\t\t<div class=\"elementor-widget-wrap elementor-element-populated\">\n\t\t\t\t\t\t<div class=\"elementor-element elementor-element-29ab60ac elementor-widget elementor-widget-breadcrumbs\" data-id=\"29ab60ac\" data-element_type=\"widget\" data-widget_type=\"breadcrumbs.default\">\n\t\t\t\t<div class=\"elementor-widget-container\">\n\t\t\t\t\t<p id=\"breadcrumbs\"><span><span><a href=\"https:\/\/ricoroso.com\/fr\/\">Accueil<\/a><\/span><\/span><\/p>\t\t\t\t<\/div>\n\t\t\t\t<\/div>\n\t\t\t\t\t<\/div>\n\t\t<\/div>\n\t\t\t\t\t<\/div>\n\t\t<\/section>\n\t\t\t\t<section class=\"elementor-section elementor-top-section elementor-element elementor-element-56a96ebd elementor-section-boxed elementor-section-height-default elementor-section-height-default\" data-id=\"56a96ebd\" data-element_type=\"section\" data-settings=\"{&quot;animation&quot;:&quot;none&quot;}\">\n\t\t\t\t\t\t<div class=\"elementor-container elementor-column-gap-default\">\n\t\t\t\t\t<div class=\"elementor-column elementor-col-50 elementor-top-column elementor-element elementor-element-7c1e034b\" data-id=\"7c1e034b\" data-element_type=\"column\">\n\t\t\t<div class=\"elementor-widget-wrap elementor-element-populated\">\n\t\t\t\t\t\t<div class=\"elementor-element elementor-element-17123a0e elementor-widget elementor-widget-heading\" data-id=\"17123a0e\" data-element_type=\"widget\" data-widget_type=\"heading.default\">\n\t\t\t\t<div class=\"elementor-widget-container\">\n\t\t\t\t\t<h1 class=\"elementor-heading-title elementor-size-default\">Notre Histoire<\/h1>\t\t\t\t<\/div>\n\t\t\t\t<\/div>\n\t\t\t\t<div class=\"elementor-element elementor-element-c0b78c6 elementor-widget-divider--view-line elementor-widget elementor-widget-divider\" data-id=\"c0b78c6\" data-element_type=\"widget\" data-widget_type=\"divider.default\">\n\t\t\t\t<div class=\"elementor-widget-container\">\n\t\t\t\t\t\t\t<div class=\"elementor-divider\">\n\t\t\t<span class=\"elementor-divider-separator\">\n\t\t\t\t\t\t<\/span>\n\t\t<\/div>\n\t\t\t\t\t\t<\/div>\n\t\t\t\t<\/div>\n\t\t\t\t<div class=\"elementor-element elementor-element-6bfa7caa elementor-widget elementor-widget-text-editor\" data-id=\"6bfa7caa\" data-element_type=\"widget\" data-widget_type=\"text-editor.default\">\n\t\t\t\t<div class=\"elementor-widget-container\">\n\t\t\t\t\t\t\t\t\t<p style=\"text-align: left;\">Il y a plus de dix ans, est n\u00e9e <strong>Ricoroso<\/strong>, un projet qui a commenc\u00e9 avec une id\u00e9e simple mais puissante\u202f: cr\u00e9er des produits gourmets qui ne se savourent pas seulement \u00e0 table, mais qui restent grav\u00e9s dans le palais.<\/p><p style=\"text-align: left;\">Notre inspiration a toujours \u00e9t\u00e9 la m\u00eame\u202f: <strong>transformer chaque bouch\u00e9e en une exp\u00e9rience unique<\/strong>, en combinant des saveurs authentiques avec cette touche innovante qui nous rend diff\u00e9rents. C\u2019est pourquoi, depuis le premier jour, nous misons sur des ingr\u00e9dients frais, des recettes soign\u00e9es et des producteurs nationaux qui partagent notre m\u00eame passion pour la qualit\u00e9.<\/p><p style=\"text-align: left;\">Le chemin n\u2019a pas \u00e9t\u00e9 facile. Les premi\u00e8res ann\u00e9es ont \u00e9t\u00e9 remplies d\u2019\u00e9preuves et de visites chez les clients, o\u00f9 peu \u00e0 peu nos cr\u00e9ations ont commenc\u00e9 \u00e0 s\u00e9duire les palais et \u00e0 se frayer un chemin dans l\u2019univers gourmet.<\/p><p style=\"text-align: left;\">En 2022, nous avons fait un grand saut : nous avons inaugur\u00e9 notre propre espace de production et de stockage, ce qui nous a permis d\u2019\u00e9largir la gamme avec <strong>des huiles aromatis\u00e9es, des fromages, des poivrons, des artichauts et d\u2019autres produits qui ont conquis les amateurs de bonne cuisine.<\/strong> dans toute l\u2019Espagne.<\/p><p style=\"text-align: left;\">Aujourd\u2019hui, Ricoroso dispose d\u2019installations modernes, de partenariats avec des restaurants de renom et d\u2019une pr\u00e9sence dans des boutiques gourmet partageant notre philosophie. Cependant, l\u2019essentiel n\u2019a pas chang\u00e9\u202f: <strong>nous restons fid\u00e8les \u00e0 cette passion qui nous anime depuis le d\u00e9but.<\/strong>, en apportant le meilleur au reste du pays et en maintenant vivant l\u2019esprit artisanal qui nous distingue.<\/p><p style=\"text-align: left;\">arce que chez Ricoroso, nous ne faisons pas seulement des aliments\u202f: <strong>nous cr\u00e9ons des moments \u00e0 savourer, \u00e0 appr\u00e9cier et \u00e0 partager.<\/strong>.<\/p>\t\t\t\t\t\t\t\t<\/div>\n\t\t\t\t<\/div>\n\t\t\t\t\t<\/div>\n\t\t<\/div>\n\t\t\t\t<div class=\"elementor-column elementor-col-50 elementor-top-column elementor-element elementor-element-5987d2a\" data-id=\"5987d2a\" data-element_type=\"column\">\n\t\t\t<div class=\"elementor-widget-wrap elementor-element-populated\">\n\t\t\t\t\t\t<div class=\"elementor-element elementor-element-c4a14a0 elementor-hidden-tablet elementor-hidden-mobile elementor-widget-divider--view-line elementor-widget elementor-widget-divider\" data-id=\"c4a14a0\" data-element_type=\"widget\" data-widget_type=\"divider.default\">\n\t\t\t\t<div class=\"elementor-widget-container\">\n\t\t\t\t\t\t\t<div class=\"elementor-divider\">\n\t\t\t<span class=\"elementor-divider-separator\">\n\t\t\t\t\t\t<\/span>\n\t\t<\/div>\n\t\t\t\t\t\t<\/div>\n\t\t\t\t<\/div>\n\t\t\t\t<div class=\"elementor-element elementor-element-5c46016 elementor-widget elementor-widget-image\" data-id=\"5c46016\" data-element_type=\"widget\" data-widget_type=\"image.default\">\n\t\t\t\t<div class=\"elementor-widget-container\">\n\t\t\t\t\t\t\t\t\t\t\t\t\t\t\t<img fetchpriority=\"high\" decoding=\"async\" width=\"800\" height=\"745\" src=\"https:\/\/ricoroso.com\/wp-content\/uploads\/2025\/08\/mas-productos-ricoroso-1024x954.png\" class=\"attachment-large size-large wp-image-1037\" alt=\"\" srcset=\"https:\/\/ricoroso.com\/wp-content\/uploads\/2025\/08\/mas-productos-ricoroso-1024x954.png 1024w, https:\/\/ricoroso.com\/wp-content\/uploads\/2025\/08\/mas-productos-ricoroso-300x280.png 300w, https:\/\/ricoroso.com\/wp-content\/uploads\/2025\/08\/mas-productos-ricoroso-768x716.png 768w, https:\/\/ricoroso.com\/wp-content\/uploads\/2025\/08\/mas-productos-ricoroso.png 1144w\" sizes=\"(max-width: 800px) 100vw, 800px\" \/>\t\t\t\t\t\t\t\t\t\t\t\t\t\t\t<\/div>\n\t\t\t\t<\/div>\n\t\t\t\t\t<\/div>\n\t\t<\/div>\n\t\t\t\t\t<\/div>\n\t\t<\/section>\n\t\t\t\t<section class=\"elementor-section elementor-top-section elementor-element elementor-element-1694a298 elementor-section-boxed elementor-section-height-default elementor-section-height-default\" data-id=\"1694a298\" data-element_type=\"section\" data-settings=\"{&quot;background_background&quot;:&quot;classic&quot;}\">\n\t\t\t\t\t\t\t<div class=\"elementor-background-overlay\"><\/div>\n\t\t\t\t\t\t\t<div class=\"elementor-container elementor-column-gap-no\">\n\t\t\t\t\t<div class=\"elementor-column elementor-col-100 elementor-top-column elementor-element elementor-element-1ba7f724\" data-id=\"1ba7f724\" data-element_type=\"column\">\n\t\t\t<div class=\"elementor-widget-wrap elementor-element-populated\">\n\t\t\t\t\t\t<section class=\"elementor-section elementor-inner-section elementor-element elementor-element-54a0f37 elementor-section-full_width elementor-section-height-default elementor-section-height-default\" data-id=\"54a0f37\" data-element_type=\"section\">\n\t\t\t\t\t\t<div class=\"elementor-container elementor-column-gap-no\">\n\t\t\t\t\t<div class=\"elementor-column elementor-col-50 elementor-inner-column elementor-element elementor-element-1d6f8d9a\" data-id=\"1d6f8d9a\" data-element_type=\"column\">\n\t\t\t<div class=\"elementor-widget-wrap elementor-element-populated\">\n\t\t\t\t\t\t<div class=\"elementor-element elementor-element-30318559 elementor-widget elementor-widget-image\" data-id=\"30318559\" data-element_type=\"widget\" data-widget_type=\"image.default\">\n\t\t\t\t<div class=\"elementor-widget-container\">\n\t\t\t\t\t\t\t\t\t\t\t\t\t\t\t<img decoding=\"async\" width=\"683\" height=\"1024\" src=\"https:\/\/ricoroso.com\/wp-content\/uploads\/2023\/08\/primer-plano-aceite-sumergido-tazon-683x1024.jpg\" class=\"attachment-large size-large wp-image-572\" alt=\"\" srcset=\"https:\/\/ricoroso.com\/wp-content\/uploads\/2023\/08\/primer-plano-aceite-sumergido-tazon-683x1024.jpg 683w, https:\/\/ricoroso.com\/wp-content\/uploads\/2023\/08\/primer-plano-aceite-sumergido-tazon-200x300.jpg 200w, https:\/\/ricoroso.com\/wp-content\/uploads\/2023\/08\/primer-plano-aceite-sumergido-tazon-768x1151.jpg 768w, https:\/\/ricoroso.com\/wp-content\/uploads\/2023\/08\/primer-plano-aceite-sumergido-tazon-1025x1536.jpg 1025w, https:\/\/ricoroso.com\/wp-content\/uploads\/2023\/08\/primer-plano-aceite-sumergido-tazon-scaled.jpg 1709w\" sizes=\"(max-width: 683px) 100vw, 683px\" \/>\t\t\t\t\t\t\t\t\t\t\t\t\t\t\t<\/div>\n\t\t\t\t<\/div>\n\t\t\t\t\t<\/div>\n\t\t<\/div>\n\t\t\t\t<div class=\"elementor-column elementor-col-50 elementor-inner-column elementor-element elementor-element-54d97ed0\" data-id=\"54d97ed0\" data-element_type=\"column\">\n\t\t\t<div class=\"elementor-widget-wrap elementor-element-populated\">\n\t\t\t\t\t\t<div class=\"elementor-element elementor-element-457a4668 elementor-widget elementor-widget-heading\" data-id=\"457a4668\" data-element_type=\"widget\" data-widget_type=\"heading.default\">\n\t\t\t\t<div class=\"elementor-widget-container\">\n\t\t\t\t\t<h2 class=\"elementor-heading-title elementor-size-default\">Notre Philosophie<\/h2>\t\t\t\t<\/div>\n\t\t\t\t<\/div>\n\t\t\t\t<div class=\"elementor-element elementor-element-128c9815 elementor-widget elementor-widget-heading\" data-id=\"128c9815\" data-element_type=\"widget\" data-widget_type=\"heading.default\">\n\t\t\t\t<div class=\"elementor-widget-container\">\n\t\t\t\t\t<h3 class=\"elementor-heading-title elementor-size-default\">L\u2019essence de Ricoroso<\/h3>\t\t\t\t<\/div>\n\t\t\t\t<\/div>\n\t\t\t\t<div class=\"elementor-element elementor-element-1eda856b elementor-widget elementor-widget-text-editor\" data-id=\"1eda856b\" data-element_type=\"widget\" data-widget_type=\"text-editor.default\">\n\t\t\t\t<div class=\"elementor-widget-container\">\n\t\t\t\t\t\t\t\t\t<p><strong>Mission\u202f:<\/strong> Notre mission est de fournir \u00e0 nos clients des aliments frais, sains et d\u00e9licieux, en prenant soin de chaque \u00e9tape de la production, de l\u2019origine jusqu\u2019\u00e0 la table. Nous cherchons \u00e0 satisfaire les palais les plus exigeants tout en promouvant des pratiques durables et \u00e9thiques tout au long de la cha\u00eene d\u2019approvisionnement. Nous nous effor\u00e7ons d\u2019offrir une qualit\u00e9 exceptionnelle et de contribuer au bien-\u00eatre de nos consommateurs.<\/p><p><strong>Vision\u202f:<\/strong> Nos produits sont innovants, avec des proc\u00e9d\u00e9s durables et un engagement envers la qualit\u00e9. Nous cherchons \u00e0 \u00e9tendre notre pr\u00e9sence sur le march\u00e9 tout en conservant notre focus sur la satisfaction du client et l\u2019impact positif sur la soci\u00e9t\u00e9 et l\u2019environnement.<\/p><p><strong>Valeurs\u202f:<\/strong><\/p><ol><li><strong>Qualit\u00e9\u202f:<\/strong> Nous nous engageons \u00e0 offrir des aliments de la plus haute qualit\u00e9, \u00e9labor\u00e9s avec des ingr\u00e9dients frais et naturels, respectant les normes les plus strictes de s\u00e9curit\u00e9 alimentaire.<\/li><li><strong>Durabilit\u00e9\u202f:<\/strong> Nous valorisons et respectons l\u2019environnement, en adoptant des pratiques durables \u00e0 toutes les \u00e9tapes de la production afin de minimiser notre impact sur la plan\u00e8te.<\/li><li><strong>Innovation\u202f:<\/strong> Nous favorisons la cr\u00e9ativit\u00e9 et l\u2019innovation dans la conception de nouveaux produits et processus afin de r\u00e9pondre aux besoins changeants de nos clients.<\/li><li><strong>Int\u00e9grit\u00e9\u202f:<\/strong> Nous agissons avec honn\u00eatet\u00e9 et \u00e9thique dans toutes nos op\u00e9rations, en maintenant des relations de confiance avec nos clients, fournisseurs et collaborateurs.<\/li><li><strong>Sant\u00e9 et Bien-\u00eatre\u202f:<\/strong> Nous nous soucions de la sant\u00e9 et du bien-\u00eatre de nos clients, en proposant des options alimentaires favorisant un mode de vie sain.<\/li><li><strong>Engagement Social\u202f:<\/strong> Nous contribuons activement aux communaut\u00e9s dans lesquelles nous op\u00e9rons, en soutenant des initiatives qui favorisent l\u2019\u00e9ducation, la nutrition et l\u2019\u00e9galit\u00e9.<\/li><li><strong>\u00c9quipe\u202f:<\/strong> Nous reconnaissons la valeur de nos employ\u00e9s et favorisons un environnement de travail collaboratif, inclusif et respectueux o\u00f9 ils peuvent se d\u00e9velopper et contribuer.<\/li><li><strong>Transparence\u202f:<\/strong> Nous maintenons une communication ouverte et transparente avec nos clients et parties prenantes concernant nos produits, nos processus et nos valeurs.<\/li><li><strong>Passion\u202f:<\/strong> Nous sommes passionn\u00e9s par la gastronomie et nous nous engageons \u00e0 offrir des exp\u00e9riences culinaires exceptionnelles qui refl\u00e8tent notre d\u00e9vouement et notre amour pour ce que nous faisons<\/li><\/ol>\t\t\t\t\t\t\t\t<\/div>\n\t\t\t\t<\/div>\n\t\t\t\t<div class=\"elementor-element elementor-element-4021063 elementor-widget-divider--view-line elementor-widget elementor-widget-divider\" data-id=\"4021063\" data-element_type=\"widget\" data-widget_type=\"divider.default\">\n\t\t\t\t<div class=\"elementor-widget-container\">\n\t\t\t\t\t\t\t<div class=\"elementor-divider\">\n\t\t\t<span class=\"elementor-divider-separator\">\n\t\t\t\t\t\t<\/span>\n\t\t<\/div>\n\t\t\t\t\t\t<\/div>\n\t\t\t\t<\/div>\n\t\t\t\t\t<\/div>\n\t\t<\/div>\n\t\t\t\t\t<\/div>\n\t\t<\/section>\n\t\t\t\t\t<\/div>\n\t\t<\/div>\n\t\t\t\t\t<\/div>\n\t\t<\/section>\n\t\t\t\t<\/div>","protected":false},"excerpt":{"rendered":"<p>Ricoroso M\u00e1s rico, m\u00e1s sabroso Nuestra Historia Hace m\u00e1s de diez a\u00f1os, naci\u00f3 Ricoroso, un proyecto que empez\u00f3 con una idea sencilla pero poderosa: crear productos gourmet que no solo se disfruten en la mesa, sino que se recuerden en el paladar. Nuestra inspiraci\u00f3n siempre ha sido la misma: transformar cada bocado en una experiencia [&hellip;]<\/p>","protected":false},"author":4,"featured_media":0,"parent":0,"menu_order":0,"comment_status":"closed","ping_status":"closed","template":"elementor_header_footer","meta":{"footnotes":""},"class_list":["post-1015","page","type-page","status-publish","hentry"],"yoast_head":"<!-- This site is optimized with the Yoast SEO plugin v25.9 - https:\/\/yoast.com\/wordpress\/plugins\/seo\/ -->\n<title>Empresa - Ricoroso<\/title>\n<meta name=\"robots\" content=\"index, follow, max-snippet:-1, max-image-preview:large, max-video-preview:-1\" \/>\n<link rel=\"canonical\" href=\"https:\/\/ricoroso.com\/fr\/empresa\/\" \/>\n<meta property=\"og:locale\" content=\"fr_FR\" \/>\n<meta property=\"og:type\" content=\"article\" \/>\n<meta property=\"og:title\" content=\"Empresa - Ricoroso\" \/>\n<meta property=\"og:description\" content=\"Ricoroso M\u00e1s rico, m\u00e1s sabroso Nuestra Historia Hace m\u00e1s de diez a\u00f1os, naci\u00f3 Ricoroso, un proyecto que empez\u00f3 con una idea sencilla pero poderosa: crear productos gourmet que no solo se disfruten en la mesa, sino que se recuerden en el paladar. Nuestra inspiraci\u00f3n siempre ha sido la misma: transformar cada bocado en una experiencia [&hellip;]\" \/>\n<meta property=\"og:url\" content=\"https:\/\/ricoroso.com\/fr\/empresa\/\" \/>\n<meta property=\"og:site_name\" content=\"Ricoroso\" \/>\n<meta property=\"article:modified_time\" content=\"2026-03-19T13:48:33+00:00\" \/>\n<meta property=\"og:image\" content=\"https:\/\/ricoroso.com\/wp-content\/uploads\/2025\/08\/mas-productos-ricoroso.png\" \/>\n\t<meta property=\"og:image:width\" content=\"1144\" \/>\n\t<meta property=\"og:image:height\" content=\"1066\" \/>\n\t<meta property=\"og:image:type\" content=\"image\/png\" \/>\n<meta name=\"twitter:card\" content=\"summary_large_image\" \/>\n<meta name=\"twitter:label1\" content=\"Dur\u00e9e de lecture estim\u00e9e\" \/>\n\t<meta name=\"twitter:data1\" content=\"3 minutes\" \/>\n<script type=\"application\/ld+json\" class=\"yoast-schema-graph\">{\"@context\":\"https:\/\/schema.org\",\"@graph\":[{\"@type\":\"WebPage\",\"@id\":\"https:\/\/ricoroso.com\/empresa\/\",\"url\":\"https:\/\/ricoroso.com\/empresa\/\",\"name\":\"Empresa - Ricoroso\",\"isPartOf\":{\"@id\":\"https:\/\/ricoroso.com\/#website\"},\"primaryImageOfPage\":{\"@id\":\"https:\/\/ricoroso.com\/empresa\/#primaryimage\"},\"image\":{\"@id\":\"https:\/\/ricoroso.com\/empresa\/#primaryimage\"},\"thumbnailUrl\":\"https:\/\/ricoroso.com\/wp-content\/uploads\/2025\/08\/mas-productos-ricoroso-1024x954.png\",\"datePublished\":\"2025-08-22T06:38:04+00:00\",\"dateModified\":\"2026-03-19T13:48:33+00:00\",\"breadcrumb\":{\"@id\":\"https:\/\/ricoroso.com\/empresa\/#breadcrumb\"},\"inLanguage\":\"fr-FR\",\"potentialAction\":[{\"@type\":\"ReadAction\",\"target\":[\"https:\/\/ricoroso.com\/empresa\/\"]}]},{\"@type\":\"ImageObject\",\"inLanguage\":\"fr-FR\",\"@id\":\"https:\/\/ricoroso.com\/empresa\/#primaryimage\",\"url\":\"https:\/\/ricoroso.com\/wp-content\/uploads\/2025\/08\/mas-productos-ricoroso-1024x954.png\",\"contentUrl\":\"https:\/\/ricoroso.com\/wp-content\/uploads\/2025\/08\/mas-productos-ricoroso-1024x954.png\"},{\"@type\":\"BreadcrumbList\",\"@id\":\"https:\/\/ricoroso.com\/empresa\/#breadcrumb\",\"itemListElement\":[{\"@type\":\"ListItem\",\"position\":1,\"name\":\"Inicio\",\"item\":\"https:\/\/ricoroso.com\/\"},{\"@type\":\"ListItem\",\"position\":2,\"name\":\"Empresa\"}]},{\"@type\":\"WebSite\",\"@id\":\"https:\/\/ricoroso.com\/#website\",\"url\":\"https:\/\/ricoroso.com\/\",\"name\":\"Ricoroso\",\"description\":\"M\u00e1s rico, m\u00e1s sabroso\",\"publisher\":{\"@id\":\"https:\/\/ricoroso.com\/#organization\"},\"potentialAction\":[{\"@type\":\"SearchAction\",\"target\":{\"@type\":\"EntryPoint\",\"urlTemplate\":\"https:\/\/ricoroso.com\/?s={search_term_string}\"},\"query-input\":{\"@type\":\"PropertyValueSpecification\",\"valueRequired\":true,\"valueName\":\"search_term_string\"}}],\"inLanguage\":\"fr-FR\"},{\"@type\":\"Organization\",\"@id\":\"https:\/\/ricoroso.com\/#organization\",\"name\":\"Ricoroso\",\"url\":\"https:\/\/ricoroso.com\/\",\"logo\":{\"@type\":\"ImageObject\",\"inLanguage\":\"fr-FR\",\"@id\":\"https:\/\/ricoroso.com\/#\/schema\/logo\/image\/\",\"url\":\"https:\/\/ricoroso.com\/wp-content\/uploads\/2023\/04\/Ricoroso-logo-oficial-fondo-trans.png\",\"contentUrl\":\"https:\/\/ricoroso.com\/wp-content\/uploads\/2023\/04\/Ricoroso-logo-oficial-fondo-trans.png\",\"width\":502,\"height\":155,\"caption\":\"Ricoroso\"},\"image\":{\"@id\":\"https:\/\/ricoroso.com\/#\/schema\/logo\/image\/\"}}]}<\/script>\n<!-- \/ Yoast SEO plugin. -->","yoast_head_json":{"title":"Empresa - Ricoroso","robots":{"index":"index","follow":"follow","max-snippet":"max-snippet:-1","max-image-preview":"max-image-preview:large","max-video-preview":"max-video-preview:-1"},"canonical":"https:\/\/ricoroso.com\/fr\/empresa\/","og_locale":"fr_FR","og_type":"article","og_title":"Empresa - Ricoroso","og_description":"Ricoroso M\u00e1s rico, m\u00e1s sabroso Nuestra Historia Hace m\u00e1s de diez a\u00f1os, naci\u00f3 Ricoroso, un proyecto que empez\u00f3 con una idea sencilla pero poderosa: crear productos gourmet que no solo se disfruten en la mesa, sino que se recuerden en el paladar. Nuestra inspiraci\u00f3n siempre ha sido la misma: transformar cada bocado en una experiencia [&hellip;]","og_url":"https:\/\/ricoroso.com\/fr\/empresa\/","og_site_name":"Ricoroso","article_modified_time":"2026-03-19T13:48:33+00:00","og_image":[{"width":1144,"height":1066,"url":"https:\/\/ricoroso.com\/wp-content\/uploads\/2025\/08\/mas-productos-ricoroso.png","type":"image\/png"}],"twitter_card":"summary_large_image","twitter_misc":{"Dur\u00e9e de lecture estim\u00e9e":"3 minutes"},"schema":{"@context":"https:\/\/schema.org","@graph":[{"@type":"WebPage","@id":"https:\/\/ricoroso.com\/empresa\/","url":"https:\/\/ricoroso.com\/empresa\/","name":"Empresa - Ricoroso","isPartOf":{"@id":"https:\/\/ricoroso.com\/#website"},"primaryImageOfPage":{"@id":"https:\/\/ricoroso.com\/empresa\/#primaryimage"},"image":{"@id":"https:\/\/ricoroso.com\/empresa\/#primaryimage"},"thumbnailUrl":"https:\/\/ricoroso.com\/wp-content\/uploads\/2025\/08\/mas-productos-ricoroso-1024x954.png","datePublished":"2025-08-22T06:38:04+00:00","dateModified":"2026-03-19T13:48:33+00:00","breadcrumb":{"@id":"https:\/\/ricoroso.com\/empresa\/#breadcrumb"},"inLanguage":"fr-FR","potentialAction":[{"@type":"ReadAction","target":["https:\/\/ricoroso.com\/empresa\/"]}]},{"@type":"ImageObject","inLanguage":"fr-FR","@id":"https:\/\/ricoroso.com\/empresa\/#primaryimage","url":"https:\/\/ricoroso.com\/wp-content\/uploads\/2025\/08\/mas-productos-ricoroso-1024x954.png","contentUrl":"https:\/\/ricoroso.com\/wp-content\/uploads\/2025\/08\/mas-productos-ricoroso-1024x954.png"},{"@type":"BreadcrumbList","@id":"https:\/\/ricoroso.com\/empresa\/#breadcrumb","itemListElement":[{"@type":"ListItem","position":1,"name":"Inicio","item":"https:\/\/ricoroso.com\/"},{"@type":"ListItem","position":2,"name":"Empresa"}]},{"@type":"WebSite","@id":"https:\/\/ricoroso.com\/#website","url":"https:\/\/ricoroso.com\/","name":"Ricoroso","description":"M\u00e1s rico, m\u00e1s sabroso","publisher":{"@id":"https:\/\/ricoroso.com\/#organization"},"potentialAction":[{"@type":"SearchAction","target":{"@type":"EntryPoint","urlTemplate":"https:\/\/ricoroso.com\/?s={search_term_string}"},"query-input":{"@type":"PropertyValueSpecification","valueRequired":true,"valueName":"search_term_string"}}],"inLanguage":"fr-FR"},{"@type":"Organization","@id":"https:\/\/ricoroso.com\/#organization","name":"Ricoroso","url":"https:\/\/ricoroso.com\/","logo":{"@type":"ImageObject","inLanguage":"fr-FR","@id":"https:\/\/ricoroso.com\/#\/schema\/logo\/image\/","url":"https:\/\/ricoroso.com\/wp-content\/uploads\/2023\/04\/Ricoroso-logo-oficial-fondo-trans.png","contentUrl":"https:\/\/ricoroso.com\/wp-content\/uploads\/2023\/04\/Ricoroso-logo-oficial-fondo-trans.png","width":502,"height":155,"caption":"Ricoroso"},"image":{"@id":"https:\/\/ricoroso.com\/#\/schema\/logo\/image\/"}}]}},"_links":{"self":[{"href":"https:\/\/ricoroso.com\/fr\/wp-json\/wp\/v2\/pages\/1015","targetHints":{"allow":["GET"]}}],"collection":[{"href":"https:\/\/ricoroso.com\/fr\/wp-json\/wp\/v2\/pages"}],"about":[{"href":"https:\/\/ricoroso.com\/fr\/wp-json\/wp\/v2\/types\/page"}],"author":[{"embeddable":true,"href":"https:\/\/ricoroso.com\/fr\/wp-json\/wp\/v2\/users\/4"}],"replies":[{"embeddable":true,"href":"https:\/\/ricoroso.com\/fr\/wp-json\/wp\/v2\/comments?post=1015"}],"version-history":[{"count":32,"href":"https:\/\/ricoroso.com\/fr\/wp-json\/wp\/v2\/pages\/1015\/revisions"}],"predecessor-version":[{"id":1427,"href":"https:\/\/ricoroso.com\/fr\/wp-json\/wp\/v2\/pages\/1015\/revisions\/1427"}],"wp:attachment":[{"href":"https:\/\/ricoroso.com\/fr\/wp-json\/wp\/v2\/media?parent=1015"}],"curies":[{"name":"wp","href":"https:\/\/api.w.org\/{rel}","templated":true}]}}