{"id":222,"date":"2023-04-20T16:14:21","date_gmt":"2023-04-20T14:14:21","guid":{"rendered":"https:\/\/ricoroso.com\/?page_id=222"},"modified":"2026-03-09T10:25:14","modified_gmt":"2026-03-09T09:25:14","slug":"contacto","status":"publish","type":"page","link":"https:\/\/ricoroso.com\/fr\/contacto\/","title":{"rendered":"Contact"},"content":{"rendered":"<div data-elementor-type=\"wp-page\" data-elementor-id=\"222\" class=\"elementor elementor-222\" data-elementor-post-type=\"page\">\n\t\t\t\t\t\t<section class=\"elementor-section elementor-top-section elementor-element elementor-element-3673ab74 elementor-section-full_width elementor-section-height-min-height elementor-section-items-stretch elementor-section-content-middle elementor-section-height-default\" data-id=\"3673ab74\" data-element_type=\"section\">\n\t\t\t\t\t\t<div class=\"elementor-container elementor-column-gap-no\">\n\t\t\t\t\t<div class=\"elementor-column elementor-col-50 elementor-top-column elementor-element elementor-element-32b6c3a8\" data-id=\"32b6c3a8\" data-element_type=\"column\" data-settings=\"{&quot;background_background&quot;:&quot;classic&quot;}\">\n\t\t\t<div class=\"elementor-widget-wrap elementor-element-populated\">\n\t\t\t\t\t\t<div class=\"elementor-element elementor-element-2df2e973 elementor-widget elementor-widget-spacer\" data-id=\"2df2e973\" data-element_type=\"widget\" data-widget_type=\"spacer.default\">\n\t\t\t\t<div class=\"elementor-widget-container\">\n\t\t\t\t\t\t\t<div class=\"elementor-spacer\">\n\t\t\t<div class=\"elementor-spacer-inner\"><\/div>\n\t\t<\/div>\n\t\t\t\t\t\t<\/div>\n\t\t\t\t<\/div>\n\t\t\t\t\t<\/div>\n\t\t<\/div>\n\t\t\t\t<div class=\"elementor-column elementor-col-50 elementor-top-column elementor-element elementor-element-4ed62c4\" data-id=\"4ed62c4\" data-element_type=\"column\" data-settings=\"{&quot;background_background&quot;:&quot;classic&quot;}\">\n\t\t\t<div class=\"elementor-widget-wrap elementor-element-populated\">\n\t\t\t\t\t\t<div class=\"elementor-element elementor-element-6743cd58 animated-slow elementor-invisible elementor-widget elementor-widget-heading\" data-id=\"6743cd58\" data-element_type=\"widget\" data-settings=\"{&quot;_animation&quot;:&quot;fadeInLeft&quot;}\" data-widget_type=\"heading.default\">\n\t\t\t\t<div class=\"elementor-widget-container\">\n\t\t\t\t\t<p class=\"elementor-heading-title elementor-size-default\">Si tienes alguna duda sobre nuestros productos o est\u00e1s interesado en comercializarlos, contacta con nosotros<\/p>\t\t\t\t<\/div>\n\t\t\t\t<\/div>\n\t\t\t\t<div class=\"elementor-element elementor-element-716c6b0 animated-slow elementor-invisible elementor-widget elementor-widget-text-editor\" data-id=\"716c6b0\" data-element_type=\"widget\" data-settings=\"{&quot;_animation&quot;:&quot;fadeIn&quot;}\" data-widget_type=\"text-editor.default\">\n\t\t\t\t<div class=\"elementor-widget-container\">\n\t\t\t\t\t\t\t\t\t<p><strong>Tel\u00e9fono:<\/strong><br>670 666 906<\/p>\n<p><strong>Correo electr\u00f3nico:<\/strong><br>info@ricoroso.com<\/p>\n<p><strong>Horario de atenci\u00f3n comercial:<\/strong><br>Lunes &#8211; Viernes<br>09:00 am &#8211; 17:00 pm<\/p>\n<p><strong>Oficina central:<\/strong><br>C\/ La Gitanilla 17 Oficina 23. 29004 M\u00e1laga<\/p>\t\t\t\t\t\t\t\t<\/div>\n\t\t\t\t<\/div>\n\t\t\t\t\t<\/div>\n\t\t<\/div>\n\t\t\t\t\t<\/div>\n\t\t<\/section>\n\t\t\t\t<section class=\"elementor-section elementor-top-section elementor-element elementor-element-603e88c4 elementor-section-full_width elementor-section-height-default elementor-section-height-default\" data-id=\"603e88c4\" data-element_type=\"section\" data-settings=\"{&quot;background_background&quot;:&quot;classic&quot;}\">\n\t\t\t\t\t\t<div class=\"elementor-container elementor-column-gap-no\">\n\t\t\t\t\t<div class=\"elementor-column elementor-col-100 elementor-top-column elementor-element elementor-element-76e6a97b\" data-id=\"76e6a97b\" data-element_type=\"column\">\n\t\t\t<div class=\"elementor-widget-wrap elementor-element-populated\">\n\t\t\t\t\t\t<section class=\"elementor-section elementor-inner-section elementor-element elementor-element-418cfd34 elementor-section-boxed elementor-section-height-default elementor-section-height-default\" data-id=\"418cfd34\" data-element_type=\"section\">\n\t\t\t\t\t\t<div class=\"elementor-container elementor-column-gap-no\">\n\t\t\t\t\t<div class=\"elementor-column elementor-col-100 elementor-inner-column elementor-element elementor-element-ab24167\" data-id=\"ab24167\" data-element_type=\"column\">\n\t\t\t<div class=\"elementor-widget-wrap elementor-element-populated\">\n\t\t\t\t\t\t<div class=\"elementor-element elementor-element-7f13b01 elementor-widget elementor-widget-heading\" data-id=\"7f13b01\" data-element_type=\"widget\" data-settings=\"{&quot;_animation&quot;:&quot;none&quot;}\" data-widget_type=\"heading.default\">\n\t\t\t\t<div class=\"elementor-widget-container\">\n\t\t\t\t\t<p class=\"elementor-heading-title elementor-size-default\">Contactez-nous<\/p>\t\t\t\t<\/div>\n\t\t\t\t<\/div>\n\t\t\t\t<div class=\"elementor-element elementor-element-3583592 elementor-widget elementor-widget-text-editor\" data-id=\"3583592\" data-element_type=\"widget\" data-widget_type=\"text-editor.default\">\n\t\t\t\t<div class=\"elementor-widget-container\">\n\t\t\t\t\t\t\t\t\t<p>Tambi\u00e9n puedes escribirnos a trav\u00e9s del siguiente formulario y te responderemos en la mayor brevedad posible<\/p>\t\t\t\t\t\t\t\t<\/div>\n\t\t\t\t<\/div>\n\t\t\t\t\t<\/div>\n\t\t<\/div>\n\t\t\t\t\t<\/div>\n\t\t<\/section>\n\t\t\t\t<div class=\"elementor-element elementor-element-bead52f elementor-button-align-start elementor-widget elementor-widget-form\" data-id=\"bead52f\" data-element_type=\"widget\" data-settings=\"{&quot;step_next_label&quot;:&quot;Siguiente&quot;,&quot;step_previous_label&quot;:&quot;Anterior&quot;,&quot;button_width&quot;:&quot;100&quot;,&quot;step_type&quot;:&quot;number_text&quot;,&quot;step_icon_shape&quot;:&quot;circle&quot;}\" data-widget_type=\"form.default\">\n\t\t\t\t<div class=\"elementor-widget-container\">\n\t\t\t\t\t\t\t<form class=\"elementor-form\" method=\"post\" name=\"New Form\" aria-label=\"New Form\" action=\"\">\n\t\t\t<input type=\"hidden\" name=\"post_id\" value=\"222\"\/>\n\t\t\t<input type=\"hidden\" name=\"form_id\" value=\"bead52f\"\/>\n\t\t\t<input type=\"hidden\" name=\"referer_title\" value=\"Contacto - Ricoroso\" \/>\n\n\t\t\t\t\t\t\t<input type=\"hidden\" name=\"queried_id\" value=\"222\"\/>\n\t\t\t\n\t\t\t<div class=\"elementor-form-fields-wrapper elementor-labels-above\">\n\t\t\t\t\t\t\t\t<div class=\"elementor-field-type-text elementor-field-group elementor-column elementor-field-group-name elementor-col-50\">\n\t\t\t\t\t\t\t\t\t\t\t\t<label for=\"form-field-name\" class=\"elementor-field-label\">\n\t\t\t\t\t\t\t\tNom\t\t\t\t\t\t\t<\/label>\n\t\t\t\t\t\t\t\t\t\t\t\t\t\t<input size=\"1\" type=\"text\" name=\"form_fields[name]\" id=\"form-field-name\" class=\"elementor-field elementor-size-sm  elementor-field-textual\">\n\t\t\t\t\t\t\t\t\t\t\t<\/div>\n\t\t\t\t\t\t\t\t<div class=\"elementor-field-type-email elementor-field-group elementor-column elementor-field-group-email elementor-col-50 elementor-field-required\">\n\t\t\t\t\t\t\t\t\t\t\t\t<label for=\"form-field-email\" class=\"elementor-field-label\">\n\t\t\t\t\t\t\t\tE-mail\t\t\t\t\t\t\t<\/label>\n\t\t\t\t\t\t\t\t\t\t\t\t\t\t<input size=\"1\" type=\"email\" name=\"form_fields[email]\" id=\"form-field-email\" class=\"elementor-field elementor-size-sm  elementor-field-textual\" required=\"required\">\n\t\t\t\t\t\t\t\t\t\t\t<\/div>\n\t\t\t\t\t\t\t\t<div class=\"elementor-field-type-tel elementor-field-group elementor-column elementor-field-group-field_61d2de4 elementor-col-50\">\n\t\t\t\t\t\t\t\t\t\t\t\t<label for=\"form-field-field_61d2de4\" class=\"elementor-field-label\">\n\t\t\t\t\t\t\t\tT\u00e9l\u00e9phone\t\t\t\t\t\t\t<\/label>\n\t\t\t\t\t\t\t\t<input size=\"1\" type=\"tel\" name=\"form_fields[field_61d2de4]\" id=\"form-field-field_61d2de4\" class=\"elementor-field elementor-size-sm  elementor-field-textual\" pattern=\"[0-9()#&amp;+*-=.]+\" title=\"Seuls les caract\u00e8res de num\u00e9ros de t\u00e9l\u00e9phone (#, -, *, etc.) sont accept\u00e9s.\" data-no-translation-title=\"\">\n\n\t\t\t\t\t\t<\/div>\n\t\t\t\t\t\t\t\t<div class=\"elementor-field-type-text elementor-field-group elementor-column elementor-field-group-field_cd1405b elementor-col-50\">\n\t\t\t\t\t\t\t\t\t\t\t\t<label for=\"form-field-field_cd1405b\" class=\"elementor-field-label\">\n\t\t\t\t\t\t\t\tObjet\t\t\t\t\t\t\t<\/label>\n\t\t\t\t\t\t\t\t\t\t\t\t\t\t<input size=\"1\" type=\"text\" name=\"form_fields[field_cd1405b]\" id=\"form-field-field_cd1405b\" class=\"elementor-field elementor-size-sm  elementor-field-textual\">\n\t\t\t\t\t\t\t\t\t\t\t<\/div>\n\t\t\t\t\t\t\t\t<div class=\"elementor-field-type-textarea elementor-field-group elementor-column elementor-field-group-message elementor-col-100\">\n\t\t\t\t\t\t\t\t\t\t\t\t<label for=\"form-field-message\" class=\"elementor-field-label\">\n\t\t\t\t\t\t\t\tMessage\t\t\t\t\t\t\t<\/label>\n\t\t\t\t\t\t<textarea class=\"elementor-field-textual elementor-field  elementor-size-sm\" name=\"form_fields[message]\" id=\"form-field-message\" rows=\"4\"><\/textarea>\t\t\t\t<\/div>\n\t\t\t\t\t\t\t\t<div class=\"elementor-field-type-html elementor-field-group elementor-column elementor-field-group-field_1ccc54c elementor-col-100\">\n\t\t\t\t\t<font size=\"1\">Informations de base sur la protection des donn\u00e9es : <\/font>\n<font size=\"1\"> Responsable\u202f: SIMBIOSIS TRADE SL ; Finalit\u00e9\u202f: Traiter votre demande et vous envoyer des communications commerciales ; L\u00e9gitimation\u202f: Ex\u00e9cution d\u2019un contrat, consentement de la personne concern\u00e9e, int\u00e9r\u00eat l\u00e9gitime du Responsable ; Destinataires\u202f: Les donn\u00e9es ne seront pas communiqu\u00e9es \u00e0 des tiers, sauf obligation l\u00e9gale ; Droits\u202f: Vous avez le droit d\u2019acc\u00e9der, de rectifier et de supprimer les donn\u00e9es, ainsi que d\u2019exercer d\u2019autres droits indiqu\u00e9s dans les informations compl\u00e9mentaires, en vous adressant \u00e0 PLAZA VIRGEN DE LAS PENAS 5, 1-11 \u2013 29008 M\u00c1LAGA ; Provenance\u202f: La personne concern\u00e9e elle-m\u00eame ; Informations compl\u00e9mentaires\u202f: Sur le site web www.ricoroso.com. \n<\/font>\t\t\t\t<\/div>\n\t\t\t\t\t\t\t\t<div class=\"elementor-field-type-acceptance elementor-field-group elementor-column elementor-field-group-field_ae79d85 elementor-col-100 elementor-field-required\">\n\t\t\t\t\t\t\t<div class=\"elementor-field-subgroup\">\n\t\t\t<span class=\"elementor-field-option\">\n\t\t\t\t<input type=\"checkbox\" name=\"form_fields[field_ae79d85]\" id=\"form-field-field_ae79d85\" class=\"elementor-field elementor-size-sm  elementor-acceptance-field\" required=\"required\">\n\t\t\t\t<label for=\"form-field-field_ae79d85\">J\u2019ai lu et j\u2019accepte la <a href=\"https:\/\/ricoroso.com\/fr\/politica-de-privacidad\/\"\" style=\"color:#bdbdbd;\">Politique de confidentialit\u00e9<\/a> <\/label>\t\t\t<\/span>\n\t\t<\/div>\n\t\t\t\t\t\t<\/div>\n\t\t\t\t\t\t\t\t<div class=\"elementor-field-type-recaptcha_v3 elementor-field-group elementor-column elementor-field-group-field_2297e30 elementor-col-100 recaptcha_v3-inline\">\n\t\t\t\t\t<div class=\"elementor-field\" id=\"form-field-field_2297e30\"><div class=\"elementor-g-recaptcha\" data-sitekey=\"6Lcoi4orAAAAAGfk1xbKovvDqfDpOuREJrsMq0EA\" data-type=\"v3\" data-action=\"Form\" data-badge=\"inline\" data-size=\"invisible\"><\/div><\/div>\t\t\t\t<\/div>\n\t\t\t\t\t\t\t\t<div class=\"elementor-field-group elementor-column elementor-field-type-submit elementor-col-100 e-form__buttons\">\n\t\t\t\t\t<button class=\"elementor-button elementor-size-sm\" type=\"submit\">\n\t\t\t\t\t\t<span class=\"elementor-button-content-wrapper\">\n\t\t\t\t\t\t\t\t\t\t\t\t\t\t\t\t\t\t\t\t\t\t<span class=\"elementor-button-text\">Envoyer<\/span>\n\t\t\t\t\t\t\t\t\t\t\t\t\t<\/span>\n\t\t\t\t\t<\/button>\n\t\t\t\t<\/div>\n\t\t\t<\/div>\n\t\t<input type=\"hidden\" name=\"trp-form-language\" value=\"fr\"\/><\/form>\n\t\t\t\t\t\t<\/div>\n\t\t\t\t<\/div>\n\t\t\t\t\t<\/div>\n\t\t<\/div>\n\t\t\t\t\t<\/div>\n\t\t<\/section>\n\t\t\t\t<\/div>","protected":false},"excerpt":{"rendered":"<p>Si tienes alguna duda sobre nuestros productos o est\u00e1s interesado en comercializarlos, contacta con nosotros Tel\u00e9fono:670 666 906 Correo electr\u00f3nico:info@ricoroso.com Horario de atenci\u00f3n comercial:Lunes &#8211; Viernes09:00 am &#8211; 17:00 pm Oficina central:C\/ La Gitanilla 17 Oficina 23. 29004 M\u00e1laga Contacta con nosotros Tambi\u00e9n puedes escribirnos a trav\u00e9s del siguiente formulario y te responderemos en la [&hellip;]<\/p>","protected":false},"author":2,"featured_media":0,"parent":0,"menu_order":0,"comment_status":"closed","ping_status":"closed","template":"elementor_header_footer","meta":{"footnotes":""},"class_list":["post-222","page","type-page","status-publish","hentry"],"yoast_head":"<!-- This site is optimized with the Yoast SEO plugin v25.9 - https:\/\/yoast.com\/wordpress\/plugins\/seo\/ -->\n<title>Contacto - Ricoroso<\/title>\n<meta name=\"robots\" content=\"index, follow, max-snippet:-1, max-image-preview:large, max-video-preview:-1\" \/>\n<link rel=\"canonical\" href=\"https:\/\/ricoroso.com\/fr\/contacto\/\" \/>\n<meta property=\"og:locale\" content=\"fr_FR\" \/>\n<meta property=\"og:type\" content=\"article\" \/>\n<meta property=\"og:title\" content=\"Contacto - Ricoroso\" \/>\n<meta property=\"og:description\" content=\"Si tienes alguna duda sobre nuestros productos o est\u00e1s interesado en comercializarlos, contacta con nosotros Tel\u00e9fono:670 666 906 Correo electr\u00f3nico:info@ricoroso.com Horario de atenci\u00f3n comercial:Lunes &#8211; Viernes09:00 am &#8211; 17:00 pm Oficina central:C\/ La Gitanilla 17 Oficina 23. 29004 M\u00e1laga Contacta con nosotros Tambi\u00e9n puedes escribirnos a trav\u00e9s del siguiente formulario y te responderemos en la [&hellip;]\" \/>\n<meta property=\"og:url\" content=\"https:\/\/ricoroso.com\/fr\/contacto\/\" \/>\n<meta property=\"og:site_name\" content=\"Ricoroso\" \/>\n<meta property=\"article:modified_time\" content=\"2026-03-09T09:25:14+00:00\" \/>\n<meta name=\"twitter:card\" content=\"summary_large_image\" \/>\n<meta name=\"twitter:label1\" content=\"Dur\u00e9e de lecture estim\u00e9e\" \/>\n\t<meta name=\"twitter:data1\" content=\"1 minute\" \/>\n<script type=\"application\/ld+json\" class=\"yoast-schema-graph\">{\"@context\":\"https:\/\/schema.org\",\"@graph\":[{\"@type\":\"WebPage\",\"@id\":\"https:\/\/ricoroso.com\/contacto\/\",\"url\":\"https:\/\/ricoroso.com\/contacto\/\",\"name\":\"Contacto - Ricoroso\",\"isPartOf\":{\"@id\":\"https:\/\/ricoroso.com\/#website\"},\"datePublished\":\"2023-04-20T14:14:21+00:00\",\"dateModified\":\"2026-03-09T09:25:14+00:00\",\"breadcrumb\":{\"@id\":\"https:\/\/ricoroso.com\/contacto\/#breadcrumb\"},\"inLanguage\":\"fr-FR\",\"potentialAction\":[{\"@type\":\"ReadAction\",\"target\":[\"https:\/\/ricoroso.com\/contacto\/\"]}]},{\"@type\":\"BreadcrumbList\",\"@id\":\"https:\/\/ricoroso.com\/contacto\/#breadcrumb\",\"itemListElement\":[{\"@type\":\"ListItem\",\"position\":1,\"name\":\"Inicio\",\"item\":\"https:\/\/ricoroso.com\/\"},{\"@type\":\"ListItem\",\"position\":2,\"name\":\"Contacto\"}]},{\"@type\":\"WebSite\",\"@id\":\"https:\/\/ricoroso.com\/#website\",\"url\":\"https:\/\/ricoroso.com\/\",\"name\":\"Ricoroso\",\"description\":\"M\u00e1s rico, m\u00e1s sabroso\",\"publisher\":{\"@id\":\"https:\/\/ricoroso.com\/#organization\"},\"potentialAction\":[{\"@type\":\"SearchAction\",\"target\":{\"@type\":\"EntryPoint\",\"urlTemplate\":\"https:\/\/ricoroso.com\/?s={search_term_string}\"},\"query-input\":{\"@type\":\"PropertyValueSpecification\",\"valueRequired\":true,\"valueName\":\"search_term_string\"}}],\"inLanguage\":\"fr-FR\"},{\"@type\":\"Organization\",\"@id\":\"https:\/\/ricoroso.com\/#organization\",\"name\":\"Ricoroso\",\"url\":\"https:\/\/ricoroso.com\/\",\"logo\":{\"@type\":\"ImageObject\",\"inLanguage\":\"fr-FR\",\"@id\":\"https:\/\/ricoroso.com\/#\/schema\/logo\/image\/\",\"url\":\"https:\/\/ricoroso.com\/wp-content\/uploads\/2023\/04\/Ricoroso-logo-oficial-fondo-trans.png\",\"contentUrl\":\"https:\/\/ricoroso.com\/wp-content\/uploads\/2023\/04\/Ricoroso-logo-oficial-fondo-trans.png\",\"width\":502,\"height\":155,\"caption\":\"Ricoroso\"},\"image\":{\"@id\":\"https:\/\/ricoroso.com\/#\/schema\/logo\/image\/\"}}]}<\/script>\n<!-- \/ Yoast SEO plugin. -->","yoast_head_json":{"title":"Contacto - Ricoroso","robots":{"index":"index","follow":"follow","max-snippet":"max-snippet:-1","max-image-preview":"max-image-preview:large","max-video-preview":"max-video-preview:-1"},"canonical":"https:\/\/ricoroso.com\/fr\/contacto\/","og_locale":"fr_FR","og_type":"article","og_title":"Contacto - Ricoroso","og_description":"Si tienes alguna duda sobre nuestros productos o est\u00e1s interesado en comercializarlos, contacta con nosotros Tel\u00e9fono:670 666 906 Correo electr\u00f3nico:info@ricoroso.com Horario de atenci\u00f3n comercial:Lunes &#8211; Viernes09:00 am &#8211; 17:00 pm Oficina central:C\/ La Gitanilla 17 Oficina 23. 29004 M\u00e1laga Contacta con nosotros Tambi\u00e9n puedes escribirnos a trav\u00e9s del siguiente formulario y te responderemos en la [&hellip;]","og_url":"https:\/\/ricoroso.com\/fr\/contacto\/","og_site_name":"Ricoroso","article_modified_time":"2026-03-09T09:25:14+00:00","twitter_card":"summary_large_image","twitter_misc":{"Dur\u00e9e de lecture estim\u00e9e":"1 minute"},"schema":{"@context":"https:\/\/schema.org","@graph":[{"@type":"WebPage","@id":"https:\/\/ricoroso.com\/contacto\/","url":"https:\/\/ricoroso.com\/contacto\/","name":"Contacto - Ricoroso","isPartOf":{"@id":"https:\/\/ricoroso.com\/#website"},"datePublished":"2023-04-20T14:14:21+00:00","dateModified":"2026-03-09T09:25:14+00:00","breadcrumb":{"@id":"https:\/\/ricoroso.com\/contacto\/#breadcrumb"},"inLanguage":"fr-FR","potentialAction":[{"@type":"ReadAction","target":["https:\/\/ricoroso.com\/contacto\/"]}]},{"@type":"BreadcrumbList","@id":"https:\/\/ricoroso.com\/contacto\/#breadcrumb","itemListElement":[{"@type":"ListItem","position":1,"name":"Inicio","item":"https:\/\/ricoroso.com\/"},{"@type":"ListItem","position":2,"name":"Contacto"}]},{"@type":"WebSite","@id":"https:\/\/ricoroso.com\/#website","url":"https:\/\/ricoroso.com\/","name":"Ricoroso","description":"M\u00e1s rico, m\u00e1s sabroso","publisher":{"@id":"https:\/\/ricoroso.com\/#organization"},"potentialAction":[{"@type":"SearchAction","target":{"@type":"EntryPoint","urlTemplate":"https:\/\/ricoroso.com\/?s={search_term_string}"},"query-input":{"@type":"PropertyValueSpecification","valueRequired":true,"valueName":"search_term_string"}}],"inLanguage":"fr-FR"},{"@type":"Organization","@id":"https:\/\/ricoroso.com\/#organization","name":"Ricoroso","url":"https:\/\/ricoroso.com\/","logo":{"@type":"ImageObject","inLanguage":"fr-FR","@id":"https:\/\/ricoroso.com\/#\/schema\/logo\/image\/","url":"https:\/\/ricoroso.com\/wp-content\/uploads\/2023\/04\/Ricoroso-logo-oficial-fondo-trans.png","contentUrl":"https:\/\/ricoroso.com\/wp-content\/uploads\/2023\/04\/Ricoroso-logo-oficial-fondo-trans.png","width":502,"height":155,"caption":"Ricoroso"},"image":{"@id":"https:\/\/ricoroso.com\/#\/schema\/logo\/image\/"}}]}},"_links":{"self":[{"href":"https:\/\/ricoroso.com\/fr\/wp-json\/wp\/v2\/pages\/222","targetHints":{"allow":["GET"]}}],"collection":[{"href":"https:\/\/ricoroso.com\/fr\/wp-json\/wp\/v2\/pages"}],"about":[{"href":"https:\/\/ricoroso.com\/fr\/wp-json\/wp\/v2\/types\/page"}],"author":[{"embeddable":true,"href":"https:\/\/ricoroso.com\/fr\/wp-json\/wp\/v2\/users\/2"}],"replies":[{"embeddable":true,"href":"https:\/\/ricoroso.com\/fr\/wp-json\/wp\/v2\/comments?post=222"}],"version-history":[{"count":43,"href":"https:\/\/ricoroso.com\/fr\/wp-json\/wp\/v2\/pages\/222\/revisions"}],"predecessor-version":[{"id":1406,"href":"https:\/\/ricoroso.com\/fr\/wp-json\/wp\/v2\/pages\/222\/revisions\/1406"}],"wp:attachment":[{"href":"https:\/\/ricoroso.com\/fr\/wp-json\/wp\/v2\/media?parent=222"}],"curies":[{"name":"wp","href":"https:\/\/api.w.org\/{rel}","templated":true}]}}