{"id":259,"date":"2023-04-20T17:02:50","date_gmt":"2023-04-20T15:02:50","guid":{"rendered":"https:\/\/ricoroso.com\/?page_id=259"},"modified":"2023-09-01T17:37:16","modified_gmt":"2023-09-01T15:37:16","slug":"blog","status":"publish","type":"page","link":"https:\/\/ricoroso.com\/fr\/blog\/","title":{"rendered":"Blog"},"content":{"rendered":"<div data-elementor-type=\"wp-page\" data-elementor-id=\"259\" class=\"elementor elementor-259\" data-elementor-post-type=\"page\">\n\t\t\t\t\t\t<section class=\"elementor-section elementor-top-section elementor-element elementor-element-d4ae969 elementor-section-full_width elementor-section-height-min-height elementor-section-items-stretch elementor-section-content-middle elementor-reverse-mobile elementor-reverse-tablet elementor-section-height-default\" data-id=\"d4ae969\" data-element_type=\"section\">\n\t\t\t\t\t\t<div class=\"elementor-container elementor-column-gap-no\">\n\t\t\t\t\t<div class=\"elementor-column elementor-col-50 elementor-top-column elementor-element elementor-element-9da161e\" data-id=\"9da161e\" data-element_type=\"column\" data-settings=\"{&quot;background_background&quot;:&quot;classic&quot;}\">\n\t\t\t<div class=\"elementor-widget-wrap elementor-element-populated\">\n\t\t\t\t\t\t<div class=\"elementor-element elementor-element-7bcbee3 elementor-widget elementor-widget-heading\" data-id=\"7bcbee3\" data-element_type=\"widget\" data-widget_type=\"heading.default\">\n\t\t\t\t<div class=\"elementor-widget-container\">\n\t\t\t\t\t<h1 class=\"elementor-heading-title elementor-size-default\">Blog<\/h1>\t\t\t\t<\/div>\n\t\t\t\t<\/div>\n\t\t\t\t<div class=\"elementor-element elementor-element-d40418c elementor-widget elementor-widget-heading\" data-id=\"d40418c\" data-element_type=\"widget\" data-widget_type=\"heading.default\">\n\t\t\t\t<div class=\"elementor-widget-container\">\n\t\t\t\t\t<h2 class=\"elementor-heading-title elementor-size-default\">Todo sobre productos gourmet, recetas y mucho m\u00e1s<\/h2>\t\t\t\t<\/div>\n\t\t\t\t<\/div>\n\t\t\t\t\t<\/div>\n\t\t<\/div>\n\t\t\t\t<div class=\"elementor-column elementor-col-50 elementor-top-column elementor-element elementor-element-d3c8fe2 elementor-hidden-tablet elementor-hidden-mobile\" data-id=\"d3c8fe2\" data-element_type=\"column\" data-settings=\"{&quot;background_background&quot;:&quot;classic&quot;}\">\n\t\t\t<div class=\"elementor-widget-wrap elementor-element-populated\">\n\t\t\t\t\t\t<div class=\"elementor-element elementor-element-57a3d30 elementor-widget elementor-widget-spacer\" data-id=\"57a3d30\" data-element_type=\"widget\" data-widget_type=\"spacer.default\">\n\t\t\t\t<div class=\"elementor-widget-container\">\n\t\t\t\t\t\t\t<div class=\"elementor-spacer\">\n\t\t\t<div class=\"elementor-spacer-inner\"><\/div>\n\t\t<\/div>\n\t\t\t\t\t\t<\/div>\n\t\t\t\t<\/div>\n\t\t\t\t\t<\/div>\n\t\t<\/div>\n\t\t\t\t\t<\/div>\n\t\t<\/section>\n\t\t\t\t<section class=\"elementor-section elementor-top-section elementor-element elementor-element-d298031 elementor-section-boxed elementor-section-height-default elementor-section-height-default\" data-id=\"d298031\" data-element_type=\"section\">\n\t\t\t\t\t\t<div class=\"elementor-container elementor-column-gap-default\">\n\t\t\t\t\t<div class=\"elementor-column elementor-col-100 elementor-top-column elementor-element elementor-element-f1fbf15\" data-id=\"f1fbf15\" data-element_type=\"column\">\n\t\t\t<div class=\"elementor-widget-wrap elementor-element-populated\">\n\t\t\t\t\t\t<div class=\"elementor-element elementor-element-87dd054 elementor-widget elementor-widget-breadcrumbs\" data-id=\"87dd054\" data-element_type=\"widget\" data-widget_type=\"breadcrumbs.default\">\n\t\t\t\t<div class=\"elementor-widget-container\">\n\t\t\t\t\t<p id=\"breadcrumbs\"><span><span><a href=\"https:\/\/ricoroso.com\/fr\/\">Accueil<\/a><\/span><\/span><\/p>\t\t\t\t<\/div>\n\t\t\t\t<\/div>\n\t\t\t\t\t<\/div>\n\t\t<\/div>\n\t\t\t\t\t<\/div>\n\t\t<\/section>\n\t\t\t\t<section class=\"elementor-section elementor-top-section elementor-element elementor-element-a7d2fdb elementor-section-full_width elementor-section-height-default elementor-section-height-default\" data-id=\"a7d2fdb\" data-element_type=\"section\">\n\t\t\t\t\t\t<div class=\"elementor-container elementor-column-gap-no\">\n\t\t\t\t\t<div class=\"elementor-column elementor-col-100 elementor-top-column elementor-element elementor-element-c66cbc1\" data-id=\"c66cbc1\" data-element_type=\"column\">\n\t\t\t<div class=\"elementor-widget-wrap elementor-element-populated\">\n\t\t\t\t\t\t<div class=\"elementor-element elementor-element-ae577c0 elementor-grid-3 elementor-grid-tablet-2 elementor-grid-mobile-1 elementor-posts--thumbnail-top elementor-widget elementor-widget-posts\" data-id=\"ae577c0\" data-element_type=\"widget\" data-settings=\"{&quot;pagination_type&quot;:&quot;numbers&quot;,&quot;classic_columns&quot;:&quot;3&quot;,&quot;classic_columns_tablet&quot;:&quot;2&quot;,&quot;classic_columns_mobile&quot;:&quot;1&quot;,&quot;classic_row_gap&quot;:{&quot;unit&quot;:&quot;px&quot;,&quot;size&quot;:35,&quot;sizes&quot;:[]},&quot;classic_row_gap_tablet&quot;:{&quot;unit&quot;:&quot;px&quot;,&quot;size&quot;:&quot;&quot;,&quot;sizes&quot;:[]},&quot;classic_row_gap_mobile&quot;:{&quot;unit&quot;:&quot;px&quot;,&quot;size&quot;:&quot;&quot;,&quot;sizes&quot;:[]}}\" data-widget_type=\"posts.classic\">\n\t\t\t\t<div class=\"elementor-widget-container\">\n\t\t\t\t\t\t\t<div class=\"elementor-posts-container elementor-posts elementor-posts--skin-classic elementor-grid\" role=\"list\">\n\t\t\t\t<article class=\"elementor-post elementor-grid-item post-1033 post type-post status-publish format-standard has-post-thumbnail hentry category-noticias\" role=\"listitem\">\n\t\t\t\t<a class=\"elementor-post__thumbnail__link\" href=\"https:\/\/ricoroso.com\/fr\/que-es-un-aceite-aromatizado-2\/\" tabindex=\"-1\" >\n\t\t\t<div class=\"elementor-post__thumbnail\"><img fetchpriority=\"high\" decoding=\"async\" width=\"2560\" height=\"1920\" src=\"https:\/\/ricoroso.com\/wp-content\/uploads\/2025\/08\/IMG_2559-scaled.jpg\" class=\"attachment-full size-full wp-image-1051\" alt=\"\" srcset=\"https:\/\/ricoroso.com\/wp-content\/uploads\/2025\/08\/IMG_2559-scaled.jpg 2560w, https:\/\/ricoroso.com\/wp-content\/uploads\/2025\/08\/IMG_2559-300x225.jpg 300w, https:\/\/ricoroso.com\/wp-content\/uploads\/2025\/08\/IMG_2559-1024x768.jpg 1024w, https:\/\/ricoroso.com\/wp-content\/uploads\/2025\/08\/IMG_2559-768x576.jpg 768w, https:\/\/ricoroso.com\/wp-content\/uploads\/2025\/08\/IMG_2559-1536x1152.jpg 1536w, https:\/\/ricoroso.com\/wp-content\/uploads\/2025\/08\/IMG_2559-2048x1536.jpg 2048w\" sizes=\"(max-width: 2560px) 100vw, 2560px\" \/><\/div>\n\t\t<\/a>\n\t\t\t\t<div class=\"elementor-post__text\">\n\t\t\t\t<p class=\"elementor-post__title\">\n\t\t\t<a href=\"https:\/\/ricoroso.com\/fr\/que-es-un-aceite-aromatizado-2\/\" >\n\t\t\t\tPimiento asado con le\u00f1a de olivo en su jugo\t\t\t<\/a>\n\t\t<\/p>\n\t\t\t\t<div class=\"elementor-post__excerpt\">\n\t\t\t<p>El arte del fuego lento: el pimiento asado con le\u00f1a de olivo Ricoroso y su jugo dorado En el universo de los productos artesanales, hay<\/p>\n\t\t<\/div>\n\t\t\n\t\t<a class=\"elementor-post__read-more\" href=\"https:\/\/ricoroso.com\/fr\/que-es-un-aceite-aromatizado-2\/\" aria-label=\"En savoir plus sur Pimiento asado con le\u00f1a de olivo en su jugo\" tabindex=\"-1\" >\n\t\t\tLeer m\u00e1s\t\t<\/a>\n\n\t\t\t\t<\/div>\n\t\t\t\t<\/article>\n\t\t\t\t<article class=\"elementor-post elementor-grid-item post-785 post type-post status-publish format-standard has-post-thumbnail hentry category-noticias\" role=\"listitem\">\n\t\t\t\t<a class=\"elementor-post__thumbnail__link\" href=\"https:\/\/ricoroso.com\/fr\/que-es-un-aceite-aromatizado\/\" tabindex=\"-1\" >\n\t\t\t<div class=\"elementor-post__thumbnail\"><img decoding=\"async\" width=\"1000\" height=\"650\" src=\"https:\/\/ricoroso.com\/wp-content\/uploads\/2023\/09\/Que-es-un-aceite-aromatizado.jpg\" class=\"attachment-full size-full wp-image-787\" alt=\"Qu\u00e9 es un aceite aromatizado\" srcset=\"https:\/\/ricoroso.com\/wp-content\/uploads\/2023\/09\/Que-es-un-aceite-aromatizado.jpg 1000w, https:\/\/ricoroso.com\/wp-content\/uploads\/2023\/09\/Que-es-un-aceite-aromatizado-300x195.jpg 300w, https:\/\/ricoroso.com\/wp-content\/uploads\/2023\/09\/Que-es-un-aceite-aromatizado-768x499.jpg 768w\" sizes=\"(max-width: 1000px) 100vw, 1000px\" \/><\/div>\n\t\t<\/a>\n\t\t\t\t<div class=\"elementor-post__text\">\n\t\t\t\t<p class=\"elementor-post__title\">\n\t\t\t<a href=\"https:\/\/ricoroso.com\/fr\/que-es-un-aceite-aromatizado\/\" >\n\t\t\t\t\u00bfQu\u00e9 es un aceite aromatizado?\t\t\t<\/a>\n\t\t<\/p>\n\t\t\t\t<div class=\"elementor-post__excerpt\">\n\t\t\t<p>El aceite aromatizado o con esencias cada vez tiene m\u00e1s popularidad en cocina, ya que aporta sabores y aromas que dan un toque \u00fanico a<\/p>\n\t\t<\/div>\n\t\t\n\t\t<a class=\"elementor-post__read-more\" href=\"https:\/\/ricoroso.com\/fr\/que-es-un-aceite-aromatizado\/\" aria-label=\"En savoir plus sur \u00bfQu\u00e9 es un aceite aromatizado?\" tabindex=\"-1\" >\n\t\t\tLeer m\u00e1s\t\t<\/a>\n\n\t\t\t\t<\/div>\n\t\t\t\t<\/article>\n\t\t\t\t<article class=\"elementor-post elementor-grid-item post-788 post type-post status-publish format-standard has-post-thumbnail hentry category-noticias\" role=\"listitem\">\n\t\t\t\t<a class=\"elementor-post__thumbnail__link\" href=\"https:\/\/ricoroso.com\/fr\/receta-risotto-de-ajo-negro\/\" tabindex=\"-1\" >\n\t\t\t<div class=\"elementor-post__thumbnail\"><img decoding=\"async\" width=\"1000\" height=\"650\" src=\"https:\/\/ricoroso.com\/wp-content\/uploads\/2023\/09\/risotto-de-ajo-negro.jpg\" class=\"attachment-full size-full wp-image-790\" alt=\"\" srcset=\"https:\/\/ricoroso.com\/wp-content\/uploads\/2023\/09\/risotto-de-ajo-negro.jpg 1000w, https:\/\/ricoroso.com\/wp-content\/uploads\/2023\/09\/risotto-de-ajo-negro-300x195.jpg 300w, https:\/\/ricoroso.com\/wp-content\/uploads\/2023\/09\/risotto-de-ajo-negro-768x499.jpg 768w\" sizes=\"(max-width: 1000px) 100vw, 1000px\" \/><\/div>\n\t\t<\/a>\n\t\t\t\t<div class=\"elementor-post__text\">\n\t\t\t\t<p class=\"elementor-post__title\">\n\t\t\t<a href=\"https:\/\/ricoroso.com\/fr\/receta-risotto-de-ajo-negro\/\" >\n\t\t\t\tReceta de risotto de ajo negro\t\t\t<\/a>\n\t\t<\/p>\n\t\t\t\t<div class=\"elementor-post__excerpt\">\n\t\t\t<p>El risotto de ajo negro es una variante del cl\u00e1sico risotto italiano que incorpora el ajo negro como ingrediente principal. El ajo negro es ajo<\/p>\n\t\t<\/div>\n\t\t\n\t\t<a class=\"elementor-post__read-more\" href=\"https:\/\/ricoroso.com\/fr\/receta-risotto-de-ajo-negro\/\" aria-label=\"En savoir plus sur Receta de risotto de ajo negro\" tabindex=\"-1\" >\n\t\t\tLeer m\u00e1s\t\t<\/a>\n\n\t\t\t\t<\/div>\n\t\t\t\t<\/article>\n\t\t\t\t<article class=\"elementor-post elementor-grid-item post-780 post type-post status-publish format-standard has-post-thumbnail hentry category-noticias\" role=\"listitem\">\n\t\t\t\t<a class=\"elementor-post__thumbnail__link\" href=\"https:\/\/ricoroso.com\/fr\/diferencia-entre-aceite-de-oliva-virgen-y-extra-virgen\/\" tabindex=\"-1\" >\n\t\t\t<div class=\"elementor-post__thumbnail\"><img loading=\"lazy\" decoding=\"async\" width=\"1000\" height=\"650\" src=\"https:\/\/ricoroso.com\/wp-content\/uploads\/2023\/09\/diferencia-entre-aceite-de-oliva-virgen-y-extra-virgen.jpg\" class=\"attachment-full size-full wp-image-783\" alt=\"Diferencia entre aceite de oliva virgen y extra virgen\" srcset=\"https:\/\/ricoroso.com\/wp-content\/uploads\/2023\/09\/diferencia-entre-aceite-de-oliva-virgen-y-extra-virgen.jpg 1000w, https:\/\/ricoroso.com\/wp-content\/uploads\/2023\/09\/diferencia-entre-aceite-de-oliva-virgen-y-extra-virgen-300x195.jpg 300w, https:\/\/ricoroso.com\/wp-content\/uploads\/2023\/09\/diferencia-entre-aceite-de-oliva-virgen-y-extra-virgen-768x499.jpg 768w\" sizes=\"(max-width: 1000px) 100vw, 1000px\" \/><\/div>\n\t\t<\/a>\n\t\t\t\t<div class=\"elementor-post__text\">\n\t\t\t\t<p class=\"elementor-post__title\">\n\t\t\t<a href=\"https:\/\/ricoroso.com\/fr\/diferencia-entre-aceite-de-oliva-virgen-y-extra-virgen\/\" >\n\t\t\t\tDiferencia entre aceite de oliva virgen y extra virgen\t\t\t<\/a>\n\t\t<\/p>\n\t\t\t\t<div class=\"elementor-post__excerpt\">\n\t\t\t<p>Aunque el aceite de oliva es el que mejor calidad tiene, existen diferencias entre unos y otros. La principal diferencia entre aceite de oliva virgen<\/p>\n\t\t<\/div>\n\t\t\n\t\t<a class=\"elementor-post__read-more\" href=\"https:\/\/ricoroso.com\/fr\/diferencia-entre-aceite-de-oliva-virgen-y-extra-virgen\/\" aria-label=\"En savoir plus sur Diferencia entre aceite de oliva virgen y extra virgen\" tabindex=\"-1\" >\n\t\t\tLeer m\u00e1s\t\t<\/a>\n\n\t\t\t\t<\/div>\n\t\t\t\t<\/article>\n\t\t\t\t<article class=\"elementor-post elementor-grid-item post-776 post type-post status-publish format-standard has-post-thumbnail hentry category-noticias\" role=\"listitem\">\n\t\t\t\t<a class=\"elementor-post__thumbnail__link\" href=\"https:\/\/ricoroso.com\/fr\/beneficios-del-aove\/\" tabindex=\"-1\" >\n\t\t\t<div class=\"elementor-post__thumbnail\"><img loading=\"lazy\" decoding=\"async\" width=\"1000\" height=\"650\" src=\"https:\/\/ricoroso.com\/wp-content\/uploads\/2023\/09\/beneficios-del-AOVE.jpg\" class=\"attachment-full size-full wp-image-778\" alt=\"beneficios del AOVE\" srcset=\"https:\/\/ricoroso.com\/wp-content\/uploads\/2023\/09\/beneficios-del-AOVE.jpg 1000w, https:\/\/ricoroso.com\/wp-content\/uploads\/2023\/09\/beneficios-del-AOVE-300x195.jpg 300w, https:\/\/ricoroso.com\/wp-content\/uploads\/2023\/09\/beneficios-del-AOVE-768x499.jpg 768w\" sizes=\"(max-width: 1000px) 100vw, 1000px\" \/><\/div>\n\t\t<\/a>\n\t\t\t\t<div class=\"elementor-post__text\">\n\t\t\t\t<p class=\"elementor-post__title\">\n\t\t\t<a href=\"https:\/\/ricoroso.com\/fr\/beneficios-del-aove\/\" >\n\t\t\t\tBeneficios del AOVE\t\t\t<\/a>\n\t\t<\/p>\n\t\t\t\t<div class=\"elementor-post__excerpt\">\n\t\t\t<p>El Aceite de Oliva Virgen Extra (AOVE) es conocido por ser uno de los aceites m\u00e1s saludables que existen, por lo que los beneficios del<\/p>\n\t\t<\/div>\n\t\t\n\t\t<a class=\"elementor-post__read-more\" href=\"https:\/\/ricoroso.com\/fr\/beneficios-del-aove\/\" aria-label=\"En savoir plus sur Beneficios del AOVE\" tabindex=\"-1\" >\n\t\t\tLeer m\u00e1s\t\t<\/a>\n\n\t\t\t\t<\/div>\n\t\t\t\t<\/article>\n\t\t\t\t<article class=\"elementor-post elementor-grid-item post-772 post type-post status-publish format-standard has-post-thumbnail hentry category-noticias\" role=\"listitem\">\n\t\t\t\t<a class=\"elementor-post__thumbnail__link\" href=\"https:\/\/ricoroso.com\/fr\/que-es-aove\/\" tabindex=\"-1\" >\n\t\t\t<div class=\"elementor-post__thumbnail\"><img loading=\"lazy\" decoding=\"async\" width=\"1000\" height=\"650\" src=\"https:\/\/ricoroso.com\/wp-content\/uploads\/2023\/09\/que-es-AOVE.jpg\" class=\"attachment-full size-full wp-image-775\" alt=\"que es AOVE\" srcset=\"https:\/\/ricoroso.com\/wp-content\/uploads\/2023\/09\/que-es-AOVE.jpg 1000w, https:\/\/ricoroso.com\/wp-content\/uploads\/2023\/09\/que-es-AOVE-300x195.jpg 300w, https:\/\/ricoroso.com\/wp-content\/uploads\/2023\/09\/que-es-AOVE-768x499.jpg 768w\" sizes=\"(max-width: 1000px) 100vw, 1000px\" \/><\/div>\n\t\t<\/a>\n\t\t\t\t<div class=\"elementor-post__text\">\n\t\t\t\t<p class=\"elementor-post__title\">\n\t\t\t<a href=\"https:\/\/ricoroso.com\/fr\/que-es-aove\/\" >\n\t\t\t\t\u00bfQu\u00e9 es AOVE y para qu\u00e9 sirve?\t\t\t<\/a>\n\t\t<\/p>\n\t\t\t\t<div class=\"elementor-post__excerpt\">\n\t\t\t<p>Todos hemos o\u00eddo hablar de este acr\u00f3nimo usado ampliamente en gastronom\u00eda pero no todo el mundo sabe qu\u00e9 es AOVE y hoy vamos a cont\u00e1rtelo.<\/p>\n\t\t<\/div>\n\t\t\n\t\t<a class=\"elementor-post__read-more\" href=\"https:\/\/ricoroso.com\/fr\/que-es-aove\/\" aria-label=\"En savoir plus sur \u00bfQu\u00e9 es AOVE y para qu\u00e9 sirve?\" tabindex=\"-1\" >\n\t\t\tLeer m\u00e1s\t\t<\/a>\n\n\t\t\t\t<\/div>\n\t\t\t\t<\/article>\n\t\t\t\t<article class=\"elementor-post elementor-grid-item post-352 post type-post status-publish format-standard has-post-thumbnail hentry category-noticias\" role=\"listitem\">\n\t\t\t\t<a class=\"elementor-post__thumbnail__link\" href=\"https:\/\/ricoroso.com\/fr\/propiedades-del-ajo-negro\/\" tabindex=\"-1\" >\n\t\t\t<div class=\"elementor-post__thumbnail\"><img loading=\"lazy\" decoding=\"async\" width=\"1200\" height=\"800\" src=\"https:\/\/ricoroso.com\/wp-content\/uploads\/2023\/08\/propiedades-ajo-negro.webp\" class=\"attachment-full size-full wp-image-478\" alt=\"\" srcset=\"https:\/\/ricoroso.com\/wp-content\/uploads\/2023\/08\/propiedades-ajo-negro.webp 1200w, https:\/\/ricoroso.com\/wp-content\/uploads\/2023\/08\/propiedades-ajo-negro-300x200.webp 300w, https:\/\/ricoroso.com\/wp-content\/uploads\/2023\/08\/propiedades-ajo-negro-1024x683.webp 1024w, https:\/\/ricoroso.com\/wp-content\/uploads\/2023\/08\/propiedades-ajo-negro-768x512.webp 768w\" sizes=\"(max-width: 1200px) 100vw, 1200px\" \/><\/div>\n\t\t<\/a>\n\t\t\t\t<div class=\"elementor-post__text\">\n\t\t\t\t<p class=\"elementor-post__title\">\n\t\t\t<a href=\"https:\/\/ricoroso.com\/fr\/propiedades-del-ajo-negro\/\" >\n\t\t\t\tDescubre las m\u00faltiples propiedades del ajo negro\t\t\t<\/a>\n\t\t<\/p>\n\t\t\t\t<div class=\"elementor-post__excerpt\">\n\t\t\t<p>Las propiedades del ajo negro para la salud son alucinantes, ya que destaca por ser especialmente rico en compuestos fen\u00f3licos como la S-alilciste\u00edna o la<\/p>\n\t\t<\/div>\n\t\t\n\t\t<a class=\"elementor-post__read-more\" href=\"https:\/\/ricoroso.com\/fr\/propiedades-del-ajo-negro\/\" aria-label=\"En savoir plus sur Descubre las m\u00faltiples propiedades del ajo negro\" tabindex=\"-1\" >\n\t\t\tLeer m\u00e1s\t\t<\/a>\n\n\t\t\t\t<\/div>\n\t\t\t\t<\/article>\n\t\t\t\t<\/div>\n\t\t\n\t\t\t\t\t\t<\/div>\n\t\t\t\t<\/div>\n\t\t\t\t\t<\/div>\n\t\t<\/div>\n\t\t\t\t\t<\/div>\n\t\t<\/section>\n\t\t\t\t<\/div>","protected":false},"excerpt":{"rendered":"<p>Blog Todo sobre productos gourmet, recetas y mucho m\u00e1s<\/p>","protected":false},"author":2,"featured_media":0,"parent":0,"menu_order":0,"comment_status":"closed","ping_status":"closed","template":"elementor_header_footer","meta":{"footnotes":""},"class_list":["post-259","page","type-page","status-publish","hentry"],"yoast_head":"<!-- This site is optimized with the Yoast SEO plugin v25.9 - https:\/\/yoast.com\/wordpress\/plugins\/seo\/ -->\n<title>Blog - Ricoroso<\/title>\n<meta name=\"robots\" content=\"index, follow, max-snippet:-1, max-image-preview:large, max-video-preview:-1\" \/>\n<link rel=\"canonical\" href=\"https:\/\/ricoroso.com\/fr\/blog\/\" \/>\n<meta property=\"og:locale\" content=\"fr_FR\" \/>\n<meta property=\"og:type\" content=\"article\" \/>\n<meta property=\"og:title\" content=\"Blog - Ricoroso\" \/>\n<meta property=\"og:description\" content=\"Blog Todo sobre productos gourmet, recetas y mucho m\u00e1s\" \/>\n<meta property=\"og:url\" content=\"https:\/\/ricoroso.com\/fr\/blog\/\" \/>\n<meta property=\"og:site_name\" content=\"Ricoroso\" \/>\n<meta property=\"article:modified_time\" content=\"2023-09-01T15:37:16+00:00\" \/>\n<meta name=\"twitter:card\" content=\"summary_large_image\" \/>\n<meta name=\"twitter:label1\" content=\"Dur\u00e9e de lecture estim\u00e9e\" \/>\n\t<meta name=\"twitter:data1\" content=\"1 minute\" \/>\n<script type=\"application\/ld+json\" class=\"yoast-schema-graph\">{\"@context\":\"https:\/\/schema.org\",\"@graph\":[{\"@type\":\"WebPage\",\"@id\":\"https:\/\/ricoroso.com\/blog\/\",\"url\":\"https:\/\/ricoroso.com\/blog\/\",\"name\":\"Blog - Ricoroso\",\"isPartOf\":{\"@id\":\"https:\/\/ricoroso.com\/#website\"},\"datePublished\":\"2023-04-20T15:02:50+00:00\",\"dateModified\":\"2023-09-01T15:37:16+00:00\",\"breadcrumb\":{\"@id\":\"https:\/\/ricoroso.com\/blog\/#breadcrumb\"},\"inLanguage\":\"fr-FR\",\"potentialAction\":[{\"@type\":\"ReadAction\",\"target\":[\"https:\/\/ricoroso.com\/blog\/\"]}]},{\"@type\":\"BreadcrumbList\",\"@id\":\"https:\/\/ricoroso.com\/blog\/#breadcrumb\",\"itemListElement\":[{\"@type\":\"ListItem\",\"position\":1,\"name\":\"Inicio\",\"item\":\"https:\/\/ricoroso.com\/\"},{\"@type\":\"ListItem\",\"position\":2,\"name\":\"Blog\"}]},{\"@type\":\"WebSite\",\"@id\":\"https:\/\/ricoroso.com\/#website\",\"url\":\"https:\/\/ricoroso.com\/\",\"name\":\"Ricoroso\",\"description\":\"M\u00e1s rico, m\u00e1s sabroso\",\"publisher\":{\"@id\":\"https:\/\/ricoroso.com\/#organization\"},\"potentialAction\":[{\"@type\":\"SearchAction\",\"target\":{\"@type\":\"EntryPoint\",\"urlTemplate\":\"https:\/\/ricoroso.com\/?s={search_term_string}\"},\"query-input\":{\"@type\":\"PropertyValueSpecification\",\"valueRequired\":true,\"valueName\":\"search_term_string\"}}],\"inLanguage\":\"fr-FR\"},{\"@type\":\"Organization\",\"@id\":\"https:\/\/ricoroso.com\/#organization\",\"name\":\"Ricoroso\",\"url\":\"https:\/\/ricoroso.com\/\",\"logo\":{\"@type\":\"ImageObject\",\"inLanguage\":\"fr-FR\",\"@id\":\"https:\/\/ricoroso.com\/#\/schema\/logo\/image\/\",\"url\":\"https:\/\/ricoroso.com\/wp-content\/uploads\/2023\/04\/Ricoroso-logo-oficial-fondo-trans.png\",\"contentUrl\":\"https:\/\/ricoroso.com\/wp-content\/uploads\/2023\/04\/Ricoroso-logo-oficial-fondo-trans.png\",\"width\":502,\"height\":155,\"caption\":\"Ricoroso\"},\"image\":{\"@id\":\"https:\/\/ricoroso.com\/#\/schema\/logo\/image\/\"}}]}<\/script>\n<!-- \/ Yoast SEO plugin. -->","yoast_head_json":{"title":"Blog - Ricoroso","robots":{"index":"index","follow":"follow","max-snippet":"max-snippet:-1","max-image-preview":"max-image-preview:large","max-video-preview":"max-video-preview:-1"},"canonical":"https:\/\/ricoroso.com\/fr\/blog\/","og_locale":"fr_FR","og_type":"article","og_title":"Blog - Ricoroso","og_description":"Blog Todo sobre productos gourmet, recetas y mucho m\u00e1s","og_url":"https:\/\/ricoroso.com\/fr\/blog\/","og_site_name":"Ricoroso","article_modified_time":"2023-09-01T15:37:16+00:00","twitter_card":"summary_large_image","twitter_misc":{"Dur\u00e9e de lecture estim\u00e9e":"1 minute"},"schema":{"@context":"https:\/\/schema.org","@graph":[{"@type":"WebPage","@id":"https:\/\/ricoroso.com\/blog\/","url":"https:\/\/ricoroso.com\/blog\/","name":"Blog - Ricoroso","isPartOf":{"@id":"https:\/\/ricoroso.com\/#website"},"datePublished":"2023-04-20T15:02:50+00:00","dateModified":"2023-09-01T15:37:16+00:00","breadcrumb":{"@id":"https:\/\/ricoroso.com\/blog\/#breadcrumb"},"inLanguage":"fr-FR","potentialAction":[{"@type":"ReadAction","target":["https:\/\/ricoroso.com\/blog\/"]}]},{"@type":"BreadcrumbList","@id":"https:\/\/ricoroso.com\/blog\/#breadcrumb","itemListElement":[{"@type":"ListItem","position":1,"name":"Inicio","item":"https:\/\/ricoroso.com\/"},{"@type":"ListItem","position":2,"name":"Blog"}]},{"@type":"WebSite","@id":"https:\/\/ricoroso.com\/#website","url":"https:\/\/ricoroso.com\/","name":"Ricoroso","description":"M\u00e1s rico, m\u00e1s sabroso","publisher":{"@id":"https:\/\/ricoroso.com\/#organization"},"potentialAction":[{"@type":"SearchAction","target":{"@type":"EntryPoint","urlTemplate":"https:\/\/ricoroso.com\/?s={search_term_string}"},"query-input":{"@type":"PropertyValueSpecification","valueRequired":true,"valueName":"search_term_string"}}],"inLanguage":"fr-FR"},{"@type":"Organization","@id":"https:\/\/ricoroso.com\/#organization","name":"Ricoroso","url":"https:\/\/ricoroso.com\/","logo":{"@type":"ImageObject","inLanguage":"fr-FR","@id":"https:\/\/ricoroso.com\/#\/schema\/logo\/image\/","url":"https:\/\/ricoroso.com\/wp-content\/uploads\/2023\/04\/Ricoroso-logo-oficial-fondo-trans.png","contentUrl":"https:\/\/ricoroso.com\/wp-content\/uploads\/2023\/04\/Ricoroso-logo-oficial-fondo-trans.png","width":502,"height":155,"caption":"Ricoroso"},"image":{"@id":"https:\/\/ricoroso.com\/#\/schema\/logo\/image\/"}}]}},"_links":{"self":[{"href":"https:\/\/ricoroso.com\/fr\/wp-json\/wp\/v2\/pages\/259","targetHints":{"allow":["GET"]}}],"collection":[{"href":"https:\/\/ricoroso.com\/fr\/wp-json\/wp\/v2\/pages"}],"about":[{"href":"https:\/\/ricoroso.com\/fr\/wp-json\/wp\/v2\/types\/page"}],"author":[{"embeddable":true,"href":"https:\/\/ricoroso.com\/fr\/wp-json\/wp\/v2\/users\/2"}],"replies":[{"embeddable":true,"href":"https:\/\/ricoroso.com\/fr\/wp-json\/wp\/v2\/comments?post=259"}],"version-history":[{"count":28,"href":"https:\/\/ricoroso.com\/fr\/wp-json\/wp\/v2\/pages\/259\/revisions"}],"predecessor-version":[{"id":765,"href":"https:\/\/ricoroso.com\/fr\/wp-json\/wp\/v2\/pages\/259\/revisions\/765"}],"wp:attachment":[{"href":"https:\/\/ricoroso.com\/fr\/wp-json\/wp\/v2\/media?parent=259"}],"curies":[{"name":"wp","href":"https:\/\/api.w.org\/{rel}","templated":true}]}}