{"id":317,"date":"2023-05-29T13:51:51","date_gmt":"2023-05-29T11:51:51","guid":{"rendered":"https:\/\/ricoroso.com\/?page_id=317"},"modified":"2023-05-29T14:23:58","modified_gmt":"2023-05-29T12:23:58","slug":"politica-de-cookies","status":"publish","type":"page","link":"https:\/\/ricoroso.com\/fr\/politica-de-cookies\/","title":{"rendered":"Politique de cookies"},"content":{"rendered":"<div data-elementor-type=\"wp-page\" data-elementor-id=\"317\" class=\"elementor elementor-317\" data-elementor-post-type=\"page\">\n\t\t\t\t\t\t<section class=\"elementor-section elementor-top-section elementor-element elementor-element-9a5b360 elementor-section-boxed elementor-section-height-default elementor-section-height-default\" data-id=\"9a5b360\" data-element_type=\"section\">\n\t\t\t\t\t\t<div class=\"elementor-container elementor-column-gap-default\">\n\t\t\t\t\t<div class=\"elementor-column elementor-col-100 elementor-top-column elementor-element elementor-element-3e43cd1\" data-id=\"3e43cd1\" data-element_type=\"column\">\n\t\t\t<div class=\"elementor-widget-wrap elementor-element-populated\">\n\t\t\t\t\t\t<div class=\"elementor-element elementor-element-cbe614a elementor-widget elementor-widget-spacer\" data-id=\"cbe614a\" data-element_type=\"widget\" data-widget_type=\"spacer.default\">\n\t\t\t\t<div class=\"elementor-widget-container\">\n\t\t\t\t\t\t\t<div class=\"elementor-spacer\">\n\t\t\t<div class=\"elementor-spacer-inner\"><\/div>\n\t\t<\/div>\n\t\t\t\t\t\t<\/div>\n\t\t\t\t<\/div>\n\t\t\t\t<div class=\"elementor-element elementor-element-37339c7 elementor-widget elementor-widget-heading\" data-id=\"37339c7\" data-element_type=\"widget\" data-widget_type=\"heading.default\">\n\t\t\t\t<div class=\"elementor-widget-container\">\n\t\t\t\t\t<h2 class=\"elementor-heading-title elementor-size-default\">Politique de cookies<\/h2>\t\t\t\t<\/div>\n\t\t\t\t<\/div>\n\t\t\t\t<div class=\"elementor-element elementor-element-329a93d elementor-widget elementor-widget-text-editor\" data-id=\"329a93d\" data-element_type=\"widget\" data-widget_type=\"text-editor.default\">\n\t\t\t\t<div class=\"elementor-widget-container\">\n\t\t\t\t\t\t\t\t\t<h2>\u00bfQu\u00e9 son las cookies?<\/h2><p>Este sitio web utiliza cookies y\/o tecnolog\u00edas similares que almacenan y recuperan informaci\u00f3n cuando navegas. En general, estas tecnolog\u00edas pueden servir para finalidades muy diversas, como, por ejemplo, reconocerte como usuario, obtener informaci\u00f3n sobre tus h\u00e1bitos de navegaci\u00f3n, o personalizar la forma en que se muestra el contenido. Los usos concretos que hacemos de estas tecnolog\u00edas se describen a continuaci\u00f3n.<\/p><h2>\u00bfPara qu\u00e9 utiliza las cookies esta p\u00e1gina web y cu\u00e1les son?<\/h2><p>Esta p\u00e1gina web utiliza las cookies para una serie de finalidades, incluidas:<\/p><ul><li>De an\u00e1lisis: son aquellas cookies que bien, tratadas por nosotros o por terceros, nos permiten cuantificar el n\u00famero de usuarios y as\u00ed realizar la medici\u00f3n y an\u00e1lisis estad\u00edstico de la utilizaci\u00f3n que hacen los usuarios del servicio. Para ello se analiza su navegaci\u00f3n en nuestra p\u00e1gina web con el fin de mejorar la experiencia del usuario. <\/li><li>Publicitarias comportamentales: son aquellas cookies que bien, tratadas por nosotros o por terceros, permiten analizar los h\u00e1bitos de navegaci\u00f3n de los usuarios en Internet para poder mostrarles publicidad relacionada con su perfil de navegaci\u00f3n. <\/li><\/ul><p>La identificaci\u00f3n de qui\u00e9n utiliza las cookies de este sitio web, as\u00ed como los detalles de las mismas, se indican a continuaci\u00f3n:<\/p><table><tbody><tr><td width=\"60\"><p><strong>Cookies<\/strong><\/p><\/td><td width=\"78\"><p><strong>Nom<\/strong><\/p><\/td><td width=\"72\"><p><strong>Tipo<\/strong><\/p><\/td><td width=\"240\"><p><strong>Prop\u00f3sito<\/strong><\/p><\/td><td width=\"150\"><p><strong>M\u00e1s informaci\u00f3n<\/strong><\/p><\/td><\/tr><tr><td width=\"0\"><p>__utma __utmb __utmc __utmz _ga _gat<\/p><\/td><td width=\"0\"><p>Google Analytics<\/p><\/td><td width=\"0\"><p>De terceros<\/p><\/td><td width=\"0\"><p>Recoger informaci\u00f3n sobre la navegaci\u00f3n de los usuarios por el sitio con el fin de conocer el origen de las visitas y otros datos similares a nivel estad\u00edstico. No obtiene datos de los nombres o apellidos de los usuarios ni de la direcci\u00f3n postal concreta desde donde se conectan.<\/p><\/td><td width=\"0\"><p>Google Analytics Centro de privacidad de Google: http:\/\/www.google.com\/intl\/es\/policies\/privacy\/<\/p><\/td><\/tr><\/tbody><\/table><p>Nota: Las cookies de tipo \u2018Propias\u2019 son utilizadas s\u00f3lo por el propietario de esta web y las cookies \u2018De terceros\u2019 son utilizadas, por el prestador del servicio que est\u00e1 detallado en el cuadro anterior.<\/p><p>Puede informarse de las transferencias a terceros pa\u00edses que, en su caso, realizan los terceros identificados en esta pol\u00edtica de cookies en sus correspondientes pol\u00edticas (ver los enlaces facilitados en el apartado \u00abM\u00e1s informaci\u00f3n\u00bb de la tabla anterior).<\/p><h2>\u00bfC\u00f3mo puedo desactivar o eliminar estas cookies?<\/h2><p>Puede usted permitir o bloquear las cookies, as\u00ed como borrar sus datos de navegaci\u00f3n (incluidas las cookies) desde el navegador que usted utiliza. Consulte las opciones e instrucciones que ofrece su navegador para ello. Tenga en cuenta que si acepta las cookies de terceros, deber\u00e1 eliminarlas desde las opciones del navegador o desde el sistema ofrecido por el propio tercero.<\/p><p>A continuaci\u00f3n tiene disponibles los enlaces con la informaci\u00f3n para gestionar las cookies de los navegadores m\u00e1s utilizados: <\/p><p><strong>Firefox<\/strong> <\/p><p><a href=\"http:\/\/support.mozilla.org\/es\/kb\/habilitar-y-deshabilitar-cookies-que-los-sitios-we\">http:\/\/support.mozilla.org\/es\/kb\/habilitar-y-deshabilitar-cookies-que-los-sitios-we<\/a><\/p><p><strong>Chrome<\/strong><\/p><p><a href=\"http:\/\/support.google.com\/chrome\/bin\/answer.py?hl=es&amp;answer=95647\">http:\/\/support.google.com\/chrome\/bin\/answer.py?hl=es&amp;answer=95647<\/a><\/p><p><strong>Internet Explorer<\/strong><\/p><p><a href=\"https:\/\/support.microsoft.com\/es-es\/help\/278835\/how-to-delete-cookie-files-in-internet-explorer\">https:\/\/support.microsoft.com\/es-es\/help\/278835\/how-to-delete-cookie-files-in-internet-explorer<\/a><\/p><p><strong>Microsoft Edge<\/strong><\/p><p><a href=\"https:\/\/support.microsoft.com\/es-es\/help\/4027947\/microsoft-edge-delete-cookies\">https:\/\/support.microsoft.com\/es-es\/help\/4027947\/microsoft-edge-delete-cookies<\/a><\/p><p><strong>Safari<\/strong><\/p><p><a href=\"http:\/\/support.apple.com\/kb\/ph5042\">http:\/\/support.apple.com\/kb\/ph5042<\/a><\/p><p><strong>Opera<\/strong><\/p><p><a href=\"http:\/\/help.opera.com\/Windows\/11.50\/es-ES\/cookies.html\">http:\/\/help.opera.com\/Windows\/11.50\/es-ES\/cookies.html <\/a><\/p><p>Otros navegadores<\/p><p>Consulte la documentaci\u00f3n del navegador que tenga instalado.<\/p><p><strong>Complemento de inhabilitaci\u00f3n para navegadores de Google Analytics<\/strong><\/p><p>Si desea rechazar las cookies anal\u00edticas de Google Analytics en todos los navegadores, de forma que no se env\u00ede informaci\u00f3n suya a Google Analytics, puede descargar un complemento que realiza esta funci\u00f3n desde este enlace:<\/p><p><a href=\"https:\/\/tools.google.com\/dlpage\/gaoptout.\">https:\/\/tools.google.com\/dlpage\/gaoptout.<\/a><\/p><p><strong>Ejercicio de derechos<\/strong><\/p><p>Puede conocer y ejercer sus derechos en materia de protecci\u00f3n de datos personales accediendo a la Pol\u00edtica de Privacidad de esta web.<\/p>\t\t\t\t\t\t\t\t<\/div>\n\t\t\t\t<\/div>\n\t\t\t\t<div class=\"elementor-element elementor-element-374b7a0 elementor-widget elementor-widget-spacer\" data-id=\"374b7a0\" data-element_type=\"widget\" data-widget_type=\"spacer.default\">\n\t\t\t\t<div class=\"elementor-widget-container\">\n\t\t\t\t\t\t\t<div class=\"elementor-spacer\">\n\t\t\t<div class=\"elementor-spacer-inner\"><\/div>\n\t\t<\/div>\n\t\t\t\t\t\t<\/div>\n\t\t\t\t<\/div>\n\t\t\t\t\t<\/div>\n\t\t<\/div>\n\t\t\t\t\t<\/div>\n\t\t<\/section>\n\t\t\t\t<\/div>","protected":false},"excerpt":{"rendered":"<p>Pol\u00edtica de cookies \u00bfQu\u00e9 son las cookies? Este sitio web utiliza cookies y\/o tecnolog\u00edas similares que almacenan y recuperan informaci\u00f3n cuando navegas. En general, estas tecnolog\u00edas pueden servir para finalidades muy diversas, como, por ejemplo, reconocerte como usuario, obtener informaci\u00f3n sobre tus h\u00e1bitos de navegaci\u00f3n, o personalizar la forma en que se muestra el contenido. [&hellip;]<\/p>","protected":false},"author":2,"featured_media":0,"parent":0,"menu_order":0,"comment_status":"closed","ping_status":"closed","template":"elementor_header_footer","meta":{"footnotes":""},"class_list":["post-317","page","type-page","status-publish","hentry"],"yoast_head":"<!-- This site is optimized with the Yoast SEO plugin v25.9 - https:\/\/yoast.com\/wordpress\/plugins\/seo\/ -->\n<title>Pol\u00edtica de cookies - Ricoroso<\/title>\n<meta name=\"robots\" content=\"noindex, follow\" \/>\n<meta property=\"og:locale\" content=\"fr_FR\" \/>\n<meta property=\"og:type\" content=\"article\" \/>\n<meta property=\"og:title\" content=\"Pol\u00edtica de cookies - Ricoroso\" \/>\n<meta property=\"og:description\" content=\"Pol\u00edtica de cookies \u00bfQu\u00e9 son las cookies? Este sitio web utiliza cookies y\/o tecnolog\u00edas similares que almacenan y recuperan informaci\u00f3n cuando navegas. En general, estas tecnolog\u00edas pueden servir para finalidades muy diversas, como, por ejemplo, reconocerte como usuario, obtener informaci\u00f3n sobre tus h\u00e1bitos de navegaci\u00f3n, o personalizar la forma en que se muestra el contenido. [&hellip;]\" \/>\n<meta property=\"og:url\" content=\"https:\/\/ricoroso.com\/fr\/politica-de-cookies\/\" \/>\n<meta property=\"og:site_name\" content=\"Ricoroso\" \/>\n<meta property=\"article:modified_time\" content=\"2023-05-29T12:23:58+00:00\" \/>\n<meta name=\"twitter:card\" content=\"summary_large_image\" \/>\n<meta name=\"twitter:label1\" content=\"Dur\u00e9e de lecture estim\u00e9e\" \/>\n\t<meta name=\"twitter:data1\" content=\"3 minutes\" \/>\n<script type=\"application\/ld+json\" class=\"yoast-schema-graph\">{\"@context\":\"https:\/\/schema.org\",\"@graph\":[{\"@type\":\"WebPage\",\"@id\":\"https:\/\/ricoroso.com\/politica-de-cookies\/\",\"url\":\"https:\/\/ricoroso.com\/politica-de-cookies\/\",\"name\":\"Pol\u00edtica de cookies - Ricoroso\",\"isPartOf\":{\"@id\":\"https:\/\/ricoroso.com\/#website\"},\"datePublished\":\"2023-05-29T11:51:51+00:00\",\"dateModified\":\"2023-05-29T12:23:58+00:00\",\"breadcrumb\":{\"@id\":\"https:\/\/ricoroso.com\/politica-de-cookies\/#breadcrumb\"},\"inLanguage\":\"fr-FR\",\"potentialAction\":[{\"@type\":\"ReadAction\",\"target\":[\"https:\/\/ricoroso.com\/politica-de-cookies\/\"]}]},{\"@type\":\"BreadcrumbList\",\"@id\":\"https:\/\/ricoroso.com\/politica-de-cookies\/#breadcrumb\",\"itemListElement\":[{\"@type\":\"ListItem\",\"position\":1,\"name\":\"Inicio\",\"item\":\"https:\/\/ricoroso.com\/\"},{\"@type\":\"ListItem\",\"position\":2,\"name\":\"Pol\u00edtica de cookies\"}]},{\"@type\":\"WebSite\",\"@id\":\"https:\/\/ricoroso.com\/#website\",\"url\":\"https:\/\/ricoroso.com\/\",\"name\":\"Ricoroso\",\"description\":\"M\u00e1s rico, m\u00e1s sabroso\",\"publisher\":{\"@id\":\"https:\/\/ricoroso.com\/#organization\"},\"potentialAction\":[{\"@type\":\"SearchAction\",\"target\":{\"@type\":\"EntryPoint\",\"urlTemplate\":\"https:\/\/ricoroso.com\/?s={search_term_string}\"},\"query-input\":{\"@type\":\"PropertyValueSpecification\",\"valueRequired\":true,\"valueName\":\"search_term_string\"}}],\"inLanguage\":\"fr-FR\"},{\"@type\":\"Organization\",\"@id\":\"https:\/\/ricoroso.com\/#organization\",\"name\":\"Ricoroso\",\"url\":\"https:\/\/ricoroso.com\/\",\"logo\":{\"@type\":\"ImageObject\",\"inLanguage\":\"fr-FR\",\"@id\":\"https:\/\/ricoroso.com\/#\/schema\/logo\/image\/\",\"url\":\"https:\/\/ricoroso.com\/wp-content\/uploads\/2023\/04\/Ricoroso-logo-oficial-fondo-trans.png\",\"contentUrl\":\"https:\/\/ricoroso.com\/wp-content\/uploads\/2023\/04\/Ricoroso-logo-oficial-fondo-trans.png\",\"width\":502,\"height\":155,\"caption\":\"Ricoroso\"},\"image\":{\"@id\":\"https:\/\/ricoroso.com\/#\/schema\/logo\/image\/\"}}]}<\/script>\n<!-- \/ Yoast SEO plugin. -->","yoast_head_json":{"title":"Pol\u00edtica de cookies - Ricoroso","robots":{"index":"noindex","follow":"follow"},"og_locale":"fr_FR","og_type":"article","og_title":"Pol\u00edtica de cookies - Ricoroso","og_description":"Pol\u00edtica de cookies \u00bfQu\u00e9 son las cookies? Este sitio web utiliza cookies y\/o tecnolog\u00edas similares que almacenan y recuperan informaci\u00f3n cuando navegas. En general, estas tecnolog\u00edas pueden servir para finalidades muy diversas, como, por ejemplo, reconocerte como usuario, obtener informaci\u00f3n sobre tus h\u00e1bitos de navegaci\u00f3n, o personalizar la forma en que se muestra el contenido. [&hellip;]","og_url":"https:\/\/ricoroso.com\/fr\/politica-de-cookies\/","og_site_name":"Ricoroso","article_modified_time":"2023-05-29T12:23:58+00:00","twitter_card":"summary_large_image","twitter_misc":{"Dur\u00e9e de lecture estim\u00e9e":"3 minutes"},"schema":{"@context":"https:\/\/schema.org","@graph":[{"@type":"WebPage","@id":"https:\/\/ricoroso.com\/politica-de-cookies\/","url":"https:\/\/ricoroso.com\/politica-de-cookies\/","name":"Pol\u00edtica de cookies - Ricoroso","isPartOf":{"@id":"https:\/\/ricoroso.com\/#website"},"datePublished":"2023-05-29T11:51:51+00:00","dateModified":"2023-05-29T12:23:58+00:00","breadcrumb":{"@id":"https:\/\/ricoroso.com\/politica-de-cookies\/#breadcrumb"},"inLanguage":"fr-FR","potentialAction":[{"@type":"ReadAction","target":["https:\/\/ricoroso.com\/politica-de-cookies\/"]}]},{"@type":"BreadcrumbList","@id":"https:\/\/ricoroso.com\/politica-de-cookies\/#breadcrumb","itemListElement":[{"@type":"ListItem","position":1,"name":"Inicio","item":"https:\/\/ricoroso.com\/"},{"@type":"ListItem","position":2,"name":"Pol\u00edtica de cookies"}]},{"@type":"WebSite","@id":"https:\/\/ricoroso.com\/#website","url":"https:\/\/ricoroso.com\/","name":"Ricoroso","description":"M\u00e1s rico, m\u00e1s sabroso","publisher":{"@id":"https:\/\/ricoroso.com\/#organization"},"potentialAction":[{"@type":"SearchAction","target":{"@type":"EntryPoint","urlTemplate":"https:\/\/ricoroso.com\/?s={search_term_string}"},"query-input":{"@type":"PropertyValueSpecification","valueRequired":true,"valueName":"search_term_string"}}],"inLanguage":"fr-FR"},{"@type":"Organization","@id":"https:\/\/ricoroso.com\/#organization","name":"Ricoroso","url":"https:\/\/ricoroso.com\/","logo":{"@type":"ImageObject","inLanguage":"fr-FR","@id":"https:\/\/ricoroso.com\/#\/schema\/logo\/image\/","url":"https:\/\/ricoroso.com\/wp-content\/uploads\/2023\/04\/Ricoroso-logo-oficial-fondo-trans.png","contentUrl":"https:\/\/ricoroso.com\/wp-content\/uploads\/2023\/04\/Ricoroso-logo-oficial-fondo-trans.png","width":502,"height":155,"caption":"Ricoroso"},"image":{"@id":"https:\/\/ricoroso.com\/#\/schema\/logo\/image\/"}}]}},"_links":{"self":[{"href":"https:\/\/ricoroso.com\/fr\/wp-json\/wp\/v2\/pages\/317","targetHints":{"allow":["GET"]}}],"collection":[{"href":"https:\/\/ricoroso.com\/fr\/wp-json\/wp\/v2\/pages"}],"about":[{"href":"https:\/\/ricoroso.com\/fr\/wp-json\/wp\/v2\/types\/page"}],"author":[{"embeddable":true,"href":"https:\/\/ricoroso.com\/fr\/wp-json\/wp\/v2\/users\/2"}],"replies":[{"embeddable":true,"href":"https:\/\/ricoroso.com\/fr\/wp-json\/wp\/v2\/comments?post=317"}],"version-history":[{"count":4,"href":"https:\/\/ricoroso.com\/fr\/wp-json\/wp\/v2\/pages\/317\/revisions"}],"predecessor-version":[{"id":324,"href":"https:\/\/ricoroso.com\/fr\/wp-json\/wp\/v2\/pages\/317\/revisions\/324"}],"wp:attachment":[{"href":"https:\/\/ricoroso.com\/fr\/wp-json\/wp\/v2\/media?parent=317"}],"curies":[{"name":"wp","href":"https:\/\/api.w.org\/{rel}","templated":true}]}}