{"id":325,"date":"2023-05-29T14:28:36","date_gmt":"2023-05-29T12:28:36","guid":{"rendered":"https:\/\/ricoroso.com\/?page_id=325"},"modified":"2023-05-29T14:33:03","modified_gmt":"2023-05-29T12:33:03","slug":"politica-de-privacidad","status":"publish","type":"page","link":"https:\/\/ricoroso.com\/fr\/politica-de-privacidad\/","title":{"rendered":"Politique de confidentialit\u00e9"},"content":{"rendered":"<div data-elementor-type=\"wp-page\" data-elementor-id=\"325\" class=\"elementor elementor-325\" data-elementor-post-type=\"page\">\n\t\t\t\t\t\t<section class=\"elementor-section elementor-top-section elementor-element elementor-element-eb440e2 elementor-section-boxed elementor-section-height-default elementor-section-height-default\" data-id=\"eb440e2\" data-element_type=\"section\">\n\t\t\t\t\t\t<div class=\"elementor-container elementor-column-gap-default\">\n\t\t\t\t\t<div class=\"elementor-column elementor-col-100 elementor-top-column elementor-element elementor-element-2cad2d8\" data-id=\"2cad2d8\" data-element_type=\"column\">\n\t\t\t<div class=\"elementor-widget-wrap elementor-element-populated\">\n\t\t\t\t\t\t<div class=\"elementor-element elementor-element-df7c44e elementor-widget elementor-widget-spacer\" data-id=\"df7c44e\" data-element_type=\"widget\" data-widget_type=\"spacer.default\">\n\t\t\t\t<div class=\"elementor-widget-container\">\n\t\t\t\t\t\t\t<div class=\"elementor-spacer\">\n\t\t\t<div class=\"elementor-spacer-inner\"><\/div>\n\t\t<\/div>\n\t\t\t\t\t\t<\/div>\n\t\t\t\t<\/div>\n\t\t\t\t<div class=\"elementor-element elementor-element-fe6b192 elementor-widget elementor-widget-heading\" data-id=\"fe6b192\" data-element_type=\"widget\" data-widget_type=\"heading.default\">\n\t\t\t\t<div class=\"elementor-widget-container\">\n\t\t\t\t\t<h2 class=\"elementor-heading-title elementor-size-default\">Politique de confidentialit\u00e9<\/h2>\t\t\t\t<\/div>\n\t\t\t\t<\/div>\n\t\t\t\t<div class=\"elementor-element elementor-element-36df59f elementor-widget elementor-widget-text-editor\" data-id=\"36df59f\" data-element_type=\"widget\" data-widget_type=\"text-editor.default\">\n\t\t\t\t<div class=\"elementor-widget-container\">\n\t\t\t\t\t\t\t\t\t<p>Tratamiento de los datos recogidos en el formulario de contacto<\/p><h2>Informaci\u00f3n B\u00e1sica sobre Protecci\u00f3n de datos<\/h2><ul><li>Responsable: SIMBIOSIS TRADE SL <\/li><li>Finalidad: Atender su solicitud. <\/li><li>Legitimaci\u00f3n: Ejecuci\u00f3n de un contrato. <\/li><li>Destinatarios: No se ceder\u00e1n datos a terceros, salvo obligaci\u00f3n legal. <\/li><li>Derechos: Tiene derecho a acceder, rectificar y suprimir los datos, as\u00ed como otros derechos, indicados en la informaci\u00f3n adicional, que puede ejercer dirigi\u00e9ndose a PLAZA VIRGEN DE LAS PENAS 5, 1-11 &#8211; 29008 M\u00c1LAGA.<\/li><\/ul><h2>Informaci\u00f3n completa sobre Protecci\u00f3n de Datos<\/h2><h3>1. \u00bfQui\u00e9n es el responsable del tratamiento de sus datos?<\/h3><ul><li>SIMBIOSIS TRADE SL <\/li><li>B44801900 <\/li><li>PLAZA VIRGEN DE LAS PENAS 5, 1-11 &#8211; 29008 M\u00c1LAGA.<\/li><\/ul><h3>2. \u00bfCon qu\u00e9 finalidad tratamos sus datos personales?<\/h3><p>En SIMBIOSIS TRADE SL tratamos la informaci\u00f3n que nos facilitan las personas interesadas con el fin de atender su solicitud.<\/p><p>No se van a tomar decisiones automatizadas en base a los datos proporcionados.<\/p><h3>3. \u00bfPor cu\u00e1nto tiempo conservaremos sus datos?<\/h3><p>Los datos se conservar\u00e1n mientras el interesado no solicite su supresi\u00f3n.<\/p><h3>4. \u00bfCu\u00e1l es la legitimaci\u00f3n para el tratamiento de sus datos?<\/h3><p>Le indicamos la base legal para el tratamiento de sus datos:<\/p><ul><li>Ejecuci\u00f3n de un contrato: Atender su solicitud.<\/li><\/ul><h3>5. \u00bfA qu\u00e9 destinatarios se comunicar\u00e1n sus datos?<\/h3><p>No se ceder\u00e1n datos a terceros, salvo obligaci\u00f3n legal.<\/p><h3>6. Transferencias de datos a terceros pa\u00edses<\/h3><p>No est\u00e1n previstas transferencias de datos a terceros pa\u00edses.<\/p><h3>7. \u00bfCu\u00e1les son sus derechos cuando nos facilita sus datos?<\/h3><p>Cualquier persona tiene derecho a obtener confirmaci\u00f3n sobre si en SIMBIOSIS TRADE SL estamos tratando, o no, datos personales que les conciernan.<\/p><p>Las personas interesadas tienen derecho a acceder a sus datos personales, as\u00ed como a solicitar la rectificaci\u00f3n de los datos inexactos o, en su caso, solicitar su supresi\u00f3n cuando, entre otros motivos, los datos ya no sean necesarios para los fines que fueron recogidos. Igualmente tiene derecho a la portabilidad de sus datos.<\/p><p>En determinadas circunstancias, los interesados podr\u00e1n solicitar la limitaci\u00f3n del tratamiento de sus datos, en cuyo caso \u00fanicamente los conservaremos para el ejercicio o la defensa de reclamaciones.<\/p><p>En determinadas circunstancias y por motivos relacionados con su situaci\u00f3n particular, los interesados podr\u00e1n oponerse al tratamiento de sus datos. En este caso, SIMBIOSIS TRADE SL dejar\u00e1 de tratar los datos, salvo por motivos leg\u00edtimos imperiosos, o el ejercicio o la defensa de posibles reclamaciones.<\/p><p>Podr\u00e1 ejercitar materialmente sus derechos de la siguiente forma: dirigiendo un escrito a SIMBIOSIS TRADE SL &#8211; PLAZA VIRGEN DE LAS PENAS 5, 1-11 &#8211; 29008 M\u00c1LAGA.<\/p><p>En caso de que sienta vulnerados sus derechos en lo concerniente a la protecci\u00f3n de sus datos personales, especialmente cuando no haya obtenido satisfacci\u00f3n en el ejercicio de sus derechos, puede presentar una reclamaci\u00f3n ante la Autoridad de Control en materia de Protecci\u00f3n de Datos competente a trav\u00e9s de su sitio web: www.agpd.es.<\/p>\t\t\t\t\t\t\t\t<\/div>\n\t\t\t\t<\/div>\n\t\t\t\t<div class=\"elementor-element elementor-element-2d3c680 elementor-widget elementor-widget-spacer\" data-id=\"2d3c680\" data-element_type=\"widget\" data-widget_type=\"spacer.default\">\n\t\t\t\t<div class=\"elementor-widget-container\">\n\t\t\t\t\t\t\t<div class=\"elementor-spacer\">\n\t\t\t<div class=\"elementor-spacer-inner\"><\/div>\n\t\t<\/div>\n\t\t\t\t\t\t<\/div>\n\t\t\t\t<\/div>\n\t\t\t\t\t<\/div>\n\t\t<\/div>\n\t\t\t\t\t<\/div>\n\t\t<\/section>\n\t\t\t\t<\/div>","protected":false},"excerpt":{"rendered":"<p>Pol\u00edtica de privacidad Tratamiento de los datos recogidos en el formulario de contacto Informaci\u00f3n B\u00e1sica sobre Protecci\u00f3n de datos Responsable: SIMBIOSIS TRADE SL Finalidad: Atender su solicitud. Legitimaci\u00f3n: Ejecuci\u00f3n de un contrato. Destinatarios: No se ceder\u00e1n datos a terceros, salvo obligaci\u00f3n legal. Derechos: Tiene derecho a acceder, rectificar y suprimir los datos, as\u00ed como otros [&hellip;]<\/p>","protected":false},"author":2,"featured_media":0,"parent":0,"menu_order":0,"comment_status":"closed","ping_status":"closed","template":"elementor_header_footer","meta":{"footnotes":""},"class_list":["post-325","page","type-page","status-publish","hentry"],"yoast_head":"<!-- This site is optimized with the Yoast SEO plugin v25.9 - https:\/\/yoast.com\/wordpress\/plugins\/seo\/ -->\n<title>Pol\u00edtica de privacidad - Ricoroso<\/title>\n<meta name=\"robots\" content=\"noindex, follow\" \/>\n<meta property=\"og:locale\" content=\"fr_FR\" \/>\n<meta property=\"og:type\" content=\"article\" \/>\n<meta property=\"og:title\" content=\"Pol\u00edtica de privacidad - Ricoroso\" \/>\n<meta property=\"og:description\" content=\"Pol\u00edtica de privacidad Tratamiento de los datos recogidos en el formulario de contacto Informaci\u00f3n B\u00e1sica sobre Protecci\u00f3n de datos Responsable: SIMBIOSIS TRADE SL Finalidad: Atender su solicitud. Legitimaci\u00f3n: Ejecuci\u00f3n de un contrato. Destinatarios: No se ceder\u00e1n datos a terceros, salvo obligaci\u00f3n legal. Derechos: Tiene derecho a acceder, rectificar y suprimir los datos, as\u00ed como otros [&hellip;]\" \/>\n<meta property=\"og:url\" content=\"https:\/\/ricoroso.com\/fr\/politica-de-privacidad\/\" \/>\n<meta property=\"og:site_name\" content=\"Ricoroso\" \/>\n<meta property=\"article:modified_time\" content=\"2023-05-29T12:33:03+00:00\" \/>\n<meta name=\"twitter:card\" content=\"summary_large_image\" \/>\n<meta name=\"twitter:label1\" content=\"Dur\u00e9e de lecture estim\u00e9e\" \/>\n\t<meta name=\"twitter:data1\" content=\"3 minutes\" \/>\n<script type=\"application\/ld+json\" class=\"yoast-schema-graph\">{\"@context\":\"https:\/\/schema.org\",\"@graph\":[{\"@type\":\"WebPage\",\"@id\":\"https:\/\/ricoroso.com\/politica-de-privacidad\/\",\"url\":\"https:\/\/ricoroso.com\/politica-de-privacidad\/\",\"name\":\"Pol\u00edtica de privacidad - Ricoroso\",\"isPartOf\":{\"@id\":\"https:\/\/ricoroso.com\/#website\"},\"datePublished\":\"2023-05-29T12:28:36+00:00\",\"dateModified\":\"2023-05-29T12:33:03+00:00\",\"breadcrumb\":{\"@id\":\"https:\/\/ricoroso.com\/politica-de-privacidad\/#breadcrumb\"},\"inLanguage\":\"fr-FR\",\"potentialAction\":[{\"@type\":\"ReadAction\",\"target\":[\"https:\/\/ricoroso.com\/politica-de-privacidad\/\"]}]},{\"@type\":\"BreadcrumbList\",\"@id\":\"https:\/\/ricoroso.com\/politica-de-privacidad\/#breadcrumb\",\"itemListElement\":[{\"@type\":\"ListItem\",\"position\":1,\"name\":\"Inicio\",\"item\":\"https:\/\/ricoroso.com\/\"},{\"@type\":\"ListItem\",\"position\":2,\"name\":\"Pol\u00edtica de privacidad\"}]},{\"@type\":\"WebSite\",\"@id\":\"https:\/\/ricoroso.com\/#website\",\"url\":\"https:\/\/ricoroso.com\/\",\"name\":\"Ricoroso\",\"description\":\"M\u00e1s rico, m\u00e1s sabroso\",\"publisher\":{\"@id\":\"https:\/\/ricoroso.com\/#organization\"},\"potentialAction\":[{\"@type\":\"SearchAction\",\"target\":{\"@type\":\"EntryPoint\",\"urlTemplate\":\"https:\/\/ricoroso.com\/?s={search_term_string}\"},\"query-input\":{\"@type\":\"PropertyValueSpecification\",\"valueRequired\":true,\"valueName\":\"search_term_string\"}}],\"inLanguage\":\"fr-FR\"},{\"@type\":\"Organization\",\"@id\":\"https:\/\/ricoroso.com\/#organization\",\"name\":\"Ricoroso\",\"url\":\"https:\/\/ricoroso.com\/\",\"logo\":{\"@type\":\"ImageObject\",\"inLanguage\":\"fr-FR\",\"@id\":\"https:\/\/ricoroso.com\/#\/schema\/logo\/image\/\",\"url\":\"https:\/\/ricoroso.com\/wp-content\/uploads\/2023\/04\/Ricoroso-logo-oficial-fondo-trans.png\",\"contentUrl\":\"https:\/\/ricoroso.com\/wp-content\/uploads\/2023\/04\/Ricoroso-logo-oficial-fondo-trans.png\",\"width\":502,\"height\":155,\"caption\":\"Ricoroso\"},\"image\":{\"@id\":\"https:\/\/ricoroso.com\/#\/schema\/logo\/image\/\"}}]}<\/script>\n<!-- \/ Yoast SEO plugin. -->","yoast_head_json":{"title":"Pol\u00edtica de privacidad - Ricoroso","robots":{"index":"noindex","follow":"follow"},"og_locale":"fr_FR","og_type":"article","og_title":"Pol\u00edtica de privacidad - Ricoroso","og_description":"Pol\u00edtica de privacidad Tratamiento de los datos recogidos en el formulario de contacto Informaci\u00f3n B\u00e1sica sobre Protecci\u00f3n de datos Responsable: SIMBIOSIS TRADE SL Finalidad: Atender su solicitud. Legitimaci\u00f3n: Ejecuci\u00f3n de un contrato. Destinatarios: No se ceder\u00e1n datos a terceros, salvo obligaci\u00f3n legal. Derechos: Tiene derecho a acceder, rectificar y suprimir los datos, as\u00ed como otros [&hellip;]","og_url":"https:\/\/ricoroso.com\/fr\/politica-de-privacidad\/","og_site_name":"Ricoroso","article_modified_time":"2023-05-29T12:33:03+00:00","twitter_card":"summary_large_image","twitter_misc":{"Dur\u00e9e de lecture estim\u00e9e":"3 minutes"},"schema":{"@context":"https:\/\/schema.org","@graph":[{"@type":"WebPage","@id":"https:\/\/ricoroso.com\/politica-de-privacidad\/","url":"https:\/\/ricoroso.com\/politica-de-privacidad\/","name":"Pol\u00edtica de privacidad - Ricoroso","isPartOf":{"@id":"https:\/\/ricoroso.com\/#website"},"datePublished":"2023-05-29T12:28:36+00:00","dateModified":"2023-05-29T12:33:03+00:00","breadcrumb":{"@id":"https:\/\/ricoroso.com\/politica-de-privacidad\/#breadcrumb"},"inLanguage":"fr-FR","potentialAction":[{"@type":"ReadAction","target":["https:\/\/ricoroso.com\/politica-de-privacidad\/"]}]},{"@type":"BreadcrumbList","@id":"https:\/\/ricoroso.com\/politica-de-privacidad\/#breadcrumb","itemListElement":[{"@type":"ListItem","position":1,"name":"Inicio","item":"https:\/\/ricoroso.com\/"},{"@type":"ListItem","position":2,"name":"Pol\u00edtica de privacidad"}]},{"@type":"WebSite","@id":"https:\/\/ricoroso.com\/#website","url":"https:\/\/ricoroso.com\/","name":"Ricoroso","description":"M\u00e1s rico, m\u00e1s sabroso","publisher":{"@id":"https:\/\/ricoroso.com\/#organization"},"potentialAction":[{"@type":"SearchAction","target":{"@type":"EntryPoint","urlTemplate":"https:\/\/ricoroso.com\/?s={search_term_string}"},"query-input":{"@type":"PropertyValueSpecification","valueRequired":true,"valueName":"search_term_string"}}],"inLanguage":"fr-FR"},{"@type":"Organization","@id":"https:\/\/ricoroso.com\/#organization","name":"Ricoroso","url":"https:\/\/ricoroso.com\/","logo":{"@type":"ImageObject","inLanguage":"fr-FR","@id":"https:\/\/ricoroso.com\/#\/schema\/logo\/image\/","url":"https:\/\/ricoroso.com\/wp-content\/uploads\/2023\/04\/Ricoroso-logo-oficial-fondo-trans.png","contentUrl":"https:\/\/ricoroso.com\/wp-content\/uploads\/2023\/04\/Ricoroso-logo-oficial-fondo-trans.png","width":502,"height":155,"caption":"Ricoroso"},"image":{"@id":"https:\/\/ricoroso.com\/#\/schema\/logo\/image\/"}}]}},"_links":{"self":[{"href":"https:\/\/ricoroso.com\/fr\/wp-json\/wp\/v2\/pages\/325","targetHints":{"allow":["GET"]}}],"collection":[{"href":"https:\/\/ricoroso.com\/fr\/wp-json\/wp\/v2\/pages"}],"about":[{"href":"https:\/\/ricoroso.com\/fr\/wp-json\/wp\/v2\/types\/page"}],"author":[{"embeddable":true,"href":"https:\/\/ricoroso.com\/fr\/wp-json\/wp\/v2\/users\/2"}],"replies":[{"embeddable":true,"href":"https:\/\/ricoroso.com\/fr\/wp-json\/wp\/v2\/comments?post=325"}],"version-history":[{"count":4,"href":"https:\/\/ricoroso.com\/fr\/wp-json\/wp\/v2\/pages\/325\/revisions"}],"predecessor-version":[{"id":329,"href":"https:\/\/ricoroso.com\/fr\/wp-json\/wp\/v2\/pages\/325\/revisions\/329"}],"wp:attachment":[{"href":"https:\/\/ricoroso.com\/fr\/wp-json\/wp\/v2\/media?parent=325"}],"curies":[{"name":"wp","href":"https:\/\/api.w.org\/{rel}","templated":true}]}}